{"id":92,"date":"2013-11-17T22:33:05","date_gmt":"2013-11-17T21:33:05","guid":{"rendered":"http:\/\/www.odnowa.domchleba.com\/?page_id=92"},"modified":"2015-01-16T19:52:26","modified_gmt":"2015-01-16T18:52:26","slug":"pismo-swiete","status":"publish","type":"page","link":"http:\/\/www.odnowa.domchleba.com\/?page_id=92","title":{"rendered":"Pismo \u015bwi\u0119te"},"content":{"rendered":"<p><b>\u00a0 \u00a0 \u00a0\u00a0<\/b><b><i><span style=\"text-decoration: underline;\">PISMO \u015aWI\u0118TE M\u00d3WI, \u017bE PONIEWA\u017b NALE\u017b\u0118 DO JEZUSA.<\/span><\/i><\/b><b><i>&#8230;<\/i><\/b><\/p>\n<p><i>\u00a0<\/i><\/p>\n<ul>\n<li><b>Jestem wolny od pot\u0119pienia, nikt nie mo\u017ce wyst\u0105pi\u0107 z oskar\u017ceniem przeciwko mnie, ani od\u0142\u0105czy\u0107 mnie od mi\u0142o\u015bci Chrystusowej <\/b><b>(Rzymian 8:31-39).<\/b><b><\/b><\/li>\n<li><b>Mam gwarancj\u0119, \u017ce B\u00f3g wsp\u00f3\u0142dzia\u0142a we wszystkim dla mojego dobra <\/b><b>(Rzymian 8:28).<\/b><b><\/b><\/li>\n<li><b>Mam ufno\u015b\u0107, \u017ce B\u00f3g, kt\u00f3ry zapocz\u0105tkowa\u0142 we mnie dobre dzie\u0142o, doko\u0144czy je<\/b><b> <\/b><b>(Filipian 1:6).<\/b><b><\/b><\/li>\n<li><b>Jestem narodzony z Boga i szatan nie ma nademn\u0105 w\u0142adzy <\/b><b>(1 Jana 5:18).<\/b><b><\/b><\/li>\n<li><b>Jestem nape\u0142niony wszelkim duchowym b\u0142ogos\u0142awie\u0144stwem <\/b><b>(Efezjan 1:3).<\/b><b><\/b><\/li>\n<li><b>Zosta\u0142em wybrany przed za\u0142o\u017ceniem \u015bwiata <\/b><b>(Efezjan 1:4-11).<\/b><b><\/b><\/li>\n<li><b>Odpuszczono mi moje grzechy <\/b><b>(Efezjan 1:8 \/ Kolosan 1:14).<\/b><\/li>\n<li><b>Jestem \u201esol\u0105 tej ziemi\u201d i \u015bwiat\u0142em dla \u015bwiata <\/b><b>(Mateusza 5:13-14).<\/b><\/li>\n<li><b>Jestem \u015bwiadkiem Jezusa Chrystusa <\/b><b>(Dzieje Apostolskie 1:8).<\/b><b><\/b><\/li>\n<li><b>Jestem wsp\u00f3\u0142pracownikiem Boga <\/b><b>(2 Koryntian 6:1).<\/b><b><\/b><\/li>\n<li><b>Jestem wys\u0142annikiem pojednania <\/b><b>(2 Koryntian 5:1<\/b><b>7-20).<\/b><b><\/b><\/li>\n<li><b>Chrystus przywr\u00f3ci\u0142 mnie do \u017cycia <\/b><b>(Efezjan 2:5).<\/b><b><\/b><\/li>\n<li><b>Siedz\u0119 razem z Chrystysem w \u201e\u015bwiecie nadzmys\u0142owym\u201d <\/b><b>(Efezjan 2:6).<\/b><\/li>\n<li><b>Jestem Bo\u017cym dzie\u0142em <\/b><b>(Efezjan 2:10).<\/b><b><\/b><\/li>\n<li><b>Jestem w bezpiecznym miejscu <\/b><b>(Efezjan 2:20).<\/b><\/li>\n<li><b>Jestem mieszkaniem dla Ducha \u015awi\u0119tego <\/b><b>(Efezjan 2:22).<\/b><b><\/b><\/li>\n<li><b>Umar\u0142e<\/b><b>m dla grzechu <\/b><b>(Rzymian 6:11).<\/b><b><\/b><\/li>\n<li><b>Nie jestem opuszczony, ani pozostawiony <\/b><b>(Hebrajczyk\u00f3w 13:5).<\/b><\/li>\n<li><b>Na Nim dalej si\u0119 buduj\u0119 <\/b><b>(Kolosan 2:7).<\/b><\/li>\n<li><b>Jestem zwyci\u0119zc\u0105 \u015bwiata <\/b><b>(1 Jana 5:4).<\/b><b><\/b><\/li>\n<li><b>Jestem wybra\u0144cem Bo\u017cym &#8211; \u015bwi\u0119tym i umi\u0142owanym <\/b><b>(Kolosan 3:12).<\/b><\/li>\n<li><b>Jestem wyzwolony spod prawa grzechu i \u015bmierci <\/b><b>(Rzymian 8:2, Jana 8:32).<\/b><b><\/b><\/li>\n<li><b>Razem z Chrystusem jestem przybity do krzy\u017ca <\/b><b>(Galat\u00f3w 2:19).<\/b><b><\/b><\/li>\n<li><b>Jestem \u015bwiat\u0142em dla \u015bwiata <\/b><b>(Mateusza 5:14).<\/b><b><\/b><\/li>\n<li><b>Jestem pe\u0142nym zwyci\u0119zc\u0105 <\/b><b>(Rzymian 8:37).<\/b><\/li>\n<li><b>Sta\u0142\u0119m sie w Jezusie sprawiedliwo\u015bci\u0105 Bo\u017c\u0105 <\/b><b>(2 Koryntian 5:21).<\/b><b><\/b><\/li>\n<li><b>Szatan nie ma nade mn\u0105 w\u0142adzy <\/b><b>(1 Jana 5:18).<\/b><b><\/b><\/li>\n<li><b>Przesta\u0142em by\u0107 uczestnikiem grzech\u00f3w <\/b><b>(1 Piotra 2:24).<\/b><\/li>\n<li><b>Nie jestem pot\u0119piony poniewa\u017c nale\u017c\u0119 do Jezusa <\/b><b>(Rzymian 8:1,2).<\/b><b><\/b><\/li>\n<li><b>Nie jestem bezsilny i wszystko mog\u0119 w Tym, kt\u00f3ry mnie wzmacnia <\/b><b>(Filipian 4:13).<\/b><\/li>\n<li><b>Nie mam ducha boja\u017ani, ale mocy, mi\u0142o\u015bci, i trze\u017awego my\u015blenia <\/b><b>(2 Tymot. 1:7).<\/b><\/li>\n<li><b>Jestem umocniony, namaszczony i zapiecz\u0119towany przez Boga <\/b><b>(2 Kor. 1:21-22).<\/b><\/li>\n<li><b>Mog\u0119 przybli\u017cy\u0107 si\u0119 z ufno\u015bci\u0105 do tronu \u0142aski poprzez Jezusa <\/b><b>(Hebrajczyk\u00f3w 4:16).<\/b><b><br \/>\n<\/b><\/li>\n<li><a href=\"http:\/\/www.odnowa.domchleba.com\/wp-content\/uploads\/2013\/11\/pismo.jpg\"><img decoding=\"async\" loading=\"lazy\" class=\"alignnone size-full wp-image-93\" src=\"http:\/\/www.odnowa.domchleba.com\/wp-content\/uploads\/2013\/11\/pismo.jpg\" alt=\"pismo\" width=\"284\" height=\"177\" \/><\/a><\/li>\n<\/ul>\n<p>&nbsp;<\/p>\n<p>Pismo \u015awi\u0119te dzieli si\u0119 na ksi\u0119gi Starego Testamentu, napisane przed przyj\u015bciem Jezusa Chrystusa, i na ksi\u0119gi Nowego Testamentu, napisane po Jego przyj\u015bciu.<\/p>\n<p>***<br \/>\nCa\u0142e Pismo \u015awi\u0119te liczy 72 ksi\u0119gi, kt\u00f3re nosz\u0105 nazw\u0119 Biblii od greckiego s\u0142owa biblos \u2013 ksi\u0119ga.<br \/>\nStary Testament zawiera 45 ksi\u0105g napisanych w wi\u0119kszo\u015bci w j\u0119zyku hebrajskim. Najwa\u017cniejszymi z nimi s\u0105: Pi\u0119cioksi\u0105g Moj\u017cesza, Psalmy Dawida i Ksi\u0119gi Prorok\u00f3w. Tre\u015b\u0107 ksi\u0105g Starego Testamentu jest historyczna albo obyczajowo dydaktyczna, albo prorocza.<\/p>\n<p>Nowy Testament zawiera 27 ksi\u0105g, a mianowicie:<br \/>\n4 Ewangelie: wed\u0142ug \u015bw. Mateusza, \u015bw. Marka, \u015bw. \u0141ukasza i \u015bw. Jana,<br \/>\nDzieje Apostolskie (\u015bw. \u0141ukasza)<br \/>\n21 List\u00f3w Apostolskich (14 \u015bw. Paw\u0142a, 1 \u015bw. Jakuba, 2 \u015bw. Piotra, 3 \u015bw. Jana, 1 \u015bw. Judy Tadeusza),<br \/>\nObjawienie \u015bw. Jana \u2013 Apokalipsa.<\/p>\n<p>Wyr\u00f3\u017cniaj\u0105c\u0105 cech\u0105 zasad moralnych Nowego Testamentu jest wysuni\u0119cie na naczelne miejsce przykazania mi\u0142o\u015bci Boga i bli\u017aniego i zr\u00f3wnanie wszystkich bez wyj\u0105tku ludzi wobec Boga.<\/p>\n<p>Najwa\u017cniejszymi ksi\u0119gami Nowego Testamentu s\u0105 4 ksi\u0119gi opisuj\u0105ce \u017cycie, dzia\u0142alno\u015b\u0107 i cuda Jezusa Chrystusa i zawieraj\u0105ce Jego nauk\u0119. Ksi\u0119gi te nosz\u0105 nazw\u0119 Ewangelii od greckiego s\u0142owa \u2013 euangelion, co znaczy \u2013 dobra nowina.<\/p>\n<p>Ewangelia \u015bw. Mateusza Aposto\u0142a zosta\u0142a napisana w Palestynie oko\u0142o 55 roku po nar. Chrystusa w j\u0119zyku aramejskim i przeznaczona by\u0142a dla \u017byd\u00f3w. Ewangelia \u015bw. Marka powsta\u0142a oko\u0142o roku 60 i napisana by\u0142a w j\u0119zyku greckim specjalnie dla Rzymian. Autorem trzeciej Ewangelii by\u0142 wykszta\u0142cony Grek \u2013 \u015bw. \u0141ukasz. Ewangeli\u0119 swoj\u0105 napisa\u0142 w j\u0119zyku greckim przed 63 rokiem. Ostatnia Ewangelia powsta\u0142a w Efezie w latach 96 \u2013 98 w j\u0119zyku greckim, autorem jej jest \u015bw. Jan Aposto\u0142.<\/p>\n<p>Dzieje Apostolskie, kt\u00f3re s\u0105 histori\u0105 pocz\u0105tk\u00f3w Ko\u015bcio\u0142a, pochodz\u0105 z 63 roku i napisane zosta\u0142y przez \u015bw. \u0141ukasza w j\u0119zyku greckim.<\/p>\n<p>Listy Apostolskie s\u0105 to rozprawy dotycz\u0105ce nauki wiary, kt\u00f3re pisane by\u0142y dla pierwszych gmin chrze\u015bcija\u0144skich.<\/p>\n<p>Ostatnia ksi\u0119ga Nowego Testamentu \u2013 Apokalipsa, czyli Objawienie \u015bwi\u0119tego Jana Aposto\u0142a, napisane po grecku na wyspie Patmos pod koniec I wieku naszej ery, zawiera siedem wizji dotycz\u0105cych przysz\u0142o\u015bci Ko\u015bcio\u0142a.<\/p>\n<p>Znajomo\u015b\u0107 Pisma \u015awi\u0119tego jest obowi\u0105zkiem katolika. Ko\u015bci\u00f3\u0142 jednak nie pozwala wiernym czyta\u0107 Biblii w wydaniu nie zatwierdzonym przez w\u0142adz\u0119 duchown\u0105, aby ustrzec wiernych przed b\u0142\u0119dnym t\u0142umaczeniem prawd religijnych. Na pocz\u0105tku ksi\u0105\u017cki powinno by\u0107 tzw. Imprimatur, czyli pozwolenie biskupa.<\/p>\n<p>Opr\u00f3cz ksi\u0105g Pisma \u015awi\u0119tego uznanych przez Ko\u015bci\u00f3\u0142 za natchnione, istniej\u0105 tzw. Apokryfy, czyli pisma powsta\u0142e mi\u0119dzy II a III wiekiem naszej ery, podobne co do formy do ksi\u0105g Pisma \u015awi\u0119tego, ale nie przyj\u0119te przez Ko\u015bci\u00f3\u0142 do Kanonu Ksi\u0105g \u015awi\u0119tych poniewa\u017c nie pochodz\u0105 z natchnienia Ducha \u015awi\u0119tego i zawieraj\u0105 wiele w\u0105tpliwych, nieautentycznych lub nawet b\u0142\u0119dnych fakt\u00f3w i nauk.<\/p>\n<p>Aposto\u0142owie nauk\u0119 Jezusa Chrystusa podawali swoim nast\u0119pcom w ustnym nauczaniu. Podawali wi\u0119c i takie prawdy, kt\u00f3rych nie ma w Pi\u015bmie \u015awi\u0119tym. Jest to tzw. Podanie Ustne czyli Tradycja \u015awi\u0119ta, kt\u00f3ra stanowi uzupe\u0142nienie Pisma \u015awi\u0119tego.<\/p>\n<p><a href=\"http:\/\/katechizm-wiara.blogspot.com\/2011\/09\/spis-tresci_8802.html\">(Wst\u0119p, Pismo \u015awi\u0119te, )<\/a><\/p>\n","protected":false},"excerpt":{"rendered":"<p>\u00a0 \u00a0 \u00a0\u00a0PISMO \u015aWI\u0118TE M\u00d3WI, \u017bE PONIEWA\u017b NALE\u017b\u0118 DO JEZUSA.&#8230; \u00a0 Jestem wolny od pot\u0119pienia, nikt nie mo\u017ce wyst\u0105pi\u0107 z&hellip;<\/p>\n","protected":false},"author":1,"featured_media":0,"parent":0,"menu_order":0,"comment_status":"open","ping_status":"open","template":"","meta":[],"_links":{"self":[{"href":"http:\/\/www.odnowa.domchleba.com\/index.php?rest_route=\/wp\/v2\/pages\/92"}],"collection":[{"href":"http:\/\/www.odnowa.domchleba.com\/index.php?rest_route=\/wp\/v2\/pages"}],"about":[{"href":"http:\/\/www.odnowa.domchleba.com\/index.php?rest_route=\/wp\/v2\/types\/page"}],"author":[{"embeddable":true,"href":"http:\/\/www.odnowa.domchleba.com\/index.php?rest_route=\/wp\/v2\/users\/1"}],"replies":[{"embeddable":true,"href":"http:\/\/www.odnowa.domchleba.com\/index.php?rest_route=%2Fwp%2Fv2%2Fcomments&post=92"}],"version-history":[{"count":4,"href":"http:\/\/www.odnowa.domchleba.com\/index.php?rest_route=\/wp\/v2\/pages\/92\/revisions"}],"predecessor-version":[{"id":776,"href":"http:\/\/www.odnowa.domchleba.com\/index.php?rest_route=\/wp\/v2\/pages\/92\/revisions\/776"}],"wp:attachment":[{"href":"http:\/\/www.odnowa.domchleba.com\/index.php?rest_route=%2Fwp%2Fv2%2Fmedia&parent=92"}],"curies":[{"name":"wp","href":"https:\/\/api.w.org\/{rel}","templated":true}]}}