{"id":76,"date":"2013-11-16T20:00:50","date_gmt":"2013-11-16T19:00:50","guid":{"rendered":"http:\/\/www.odnowa.domchleba.com\/?page_id=76"},"modified":"2013-11-20T21:32:03","modified_gmt":"2013-11-20T20:32:03","slug":"duch-swiety","status":"publish","type":"page","link":"http:\/\/www.odnowa.domchleba.com\/?page_id=76","title":{"rendered":"Duch \u015awiety"},"content":{"rendered":"<p><strong>Kim jest Duch \u015awi\u0119ty<\/strong><\/p>\n<p>Duch \u015awi\u0119ty jest prawdziw\u0105 osob\u0105, kt\u00f3ra przysz\u0142a na \u015bwiat, by mieszka\u0107 w autentycznych na\u015bladowcach Jezusa Chrystusa po Jego zmartwychwstaniu i wst\u0105pieniu do nieba (Dzieje Apostolskie 2). Jezus powiedzia\u0142 swoim aposto\u0142om:<\/p>\n<p>\u201eJa za\u015b b\u0119d\u0119 prosi\u0142 Ojca, a innego Pocieszyciela da wam, aby z wami by\u0142 na zawsze &#8212; Ducha Prawdy, kt\u00f3rego \u015bwiat przyj\u0105\u0107 nie mo\u017ce, poniewa\u017c Go nie widzi ani nie zna. Ale wy Go znacie, poniewa\u017c u was przebywa i w was b\u0119dzie. Nie zostawi\u0119 was sierotami: Przyjd\u0119 do was\u201d (J 14:16-18).<\/p>\n<p>Duch \u015awi\u0119ty nie jest jakim\u015b nieokre\u015blonym, ulotnym cieniem ani bezosobow\u0105 moc\u0105. On jest osob\u0105 pod ka\u017cdym wzgl\u0119dem r\u00f3wn\u0105 Bogu Ojcu i Synowi Bo\u017cemu, trzeci\u0105 osob\u0105 Tr\u00f3jcy \u015awi\u0119tej. Jezus powiedzia\u0142 do aposto\u0142\u00f3w:<\/p>\n<p>\u201eDana Mi jest wszelka w\u0142adza w niebie i na ziemi. Id\u017acie wi\u0119c i nauczajcie wszystkie narody, udzielaj\u0105c im chrztu w imi\u0119 Ojca i Syna, i Ducha \u015awi\u0119tego. Uczcie je zachowywa\u0107 wszystko, co wam przykaza\u0142em. A oto Ja jestem z wami przez wszystkie dni, a\u017c do sko\u0144czenia \u015bwiata\u201d (Mt 28:18-20).<\/p>\n<p>B\u00f3g jest Ojcem, Synem i Duchem \u015awi\u0119tym, zatem wszystkie boskie przymioty Boga Ojca i Syna odnosz\u0105 si\u0119 w r\u00f3wnym stopniu do Ducha \u015awi\u0119tego. Kiedy cz\u0142owiek rodzi si\u0119 powt\u00f3rnie przez wiar\u0119 w Jezusa Chrystusa i przyj\u0119cie Go (J 1:12-13; J 3:3-21), B\u00f3g zamieszkuje w nim przez swojego Ducha (1 Kor 3:16). Duch \u015awi\u0119ty ma intelekt (1 Kor 2:11), emocje (Rz 15:30) oraz wol\u0119 (1 Kor 12:11).<\/p>\n<p>Podstawow\u0105 rol\u0105 Ducha \u015awi\u0119tego jest sk\u0142adanie \u201e\u015bwiadectwa\u201d o Jezusie Chrystusie (J 15:26, 16:14). Duch przekonuje ludzkie serca o prawdzie Jezusa Chrystusa. Jest r\u00f3wnie\u017c nauczycielem chrze\u015bcijanina (1 Kor 2:9-14). Objawia mu Bo\u017c\u0105 wol\u0119 i prawd\u0119. Jezus powiedzia\u0142 swoim uczniom:<\/p>\n<p>\u201eA Pocieszyciel, Duch \u015awi\u0119ty, kt\u00f3rego Ojciec po\u015ble w moim imieniu, On was wszystkiego nauczy i przypomni wam wszystko, co Ja wam powiedzia\u0142em\u201d (J 14:26).<\/p>\n<p>\u201eGdy za\u015b przyjdzie On, Duch Prawdy, doprowadzi was do ca\u0142ej prawdy. Bo nie b\u0119dzie m\u00f3wi\u0142 od siebie, ale powie wszystko, cokolwiek us\u0142yszy, i oznajmi wam rzeczy przysz\u0142e\u201d (J 16:13).<\/p>\n<p>Duch \u015awi\u0119ty zosta\u0142 dany po to, by dzia\u0142a\u0107 we wn\u0119trzu os\u00f3b, kt\u00f3re wierz\u0105 w Jezusa, by kszta\u0142towa\u0107 w nich Bo\u017cy charakter. Duch \u015awi\u0119ty buduje w naszym \u017cyciu mi\u0142o\u015b\u0107, rado\u015b\u0107, pok\u00f3j, cierpliwo\u015b\u0107, uprzejmo\u015b\u0107, dobro\u0107, wierno\u015b\u0107, \u0142agodno\u015b\u0107, opanowanie (Ga 5:22-23), realizuj\u0105c to zadanie w taki spos\u00f3b, kt\u00f3rego nie mogliby\u015bmy osi\u0105gn\u0105\u0107 o w\u0142asnych si\u0142ach. B\u00f3g nie chce, by\u015bmy samodzielnie pr\u00f3bowali by\u0107 kochaj\u0105cy, cierpliwi i uprzejmi, ale pragnie, by\u015bmy polegali na Nim, wierz\u0105c, \u017ce On sam ukszta\u0142tuje w nas te cechy. Chrze\u015bcijanie s\u0105 zatem wezwani, by chodzi\u0107 w Duchu \u015awi\u0119tym (Ga 5:25) i nape\u0142nia\u0107 si\u0119 Nim (Ef 5:18). Duch \u015awi\u0119ty wyposa\u017ca chrze\u015bcijan w moc do wykonywania s\u0142u\u017cby, kt\u00f3ra powoduje duchowy wzrost (Rz 12; 1 Kor 12; Ef 4).<\/p>\n<p>Duch \u015awi\u0119ty wp\u0142ywa r\u00f3wnie\u017c na tych, kt\u00f3rzy nie s\u0105 chrze\u015bcijanami. Przekonuje ludzkie serca o Bo\u017cej prawdzie, i\u017c zgrzeszyli\u015bmy i potrzebujemy Bo\u017cego przebaczenia. Przekonuje o sprawiedliwo\u015bci Jezusa, kt\u00f3ry umar\u0142 za nas, za nasze grzechy. Przekonuje tak\u017ce o Bo\u017cym s\u0105dzie nad \u015bwiatem i nad tymi, kt\u00f3rzy Go nie znaj\u0105 (J 16:8-11). Duch \u015awi\u0119ty porusza nasze serca i umys\u0142y, wzywaj\u0105c nas do \u017calu za grzechy i zwr\u00f3cenia si\u0119 ku Bogu w celu uzyskania przebaczenia i nowego \u017cycia.<\/p>\n<p><a href=\"http:\/\/www.odnowa.domchleba.com\/wp-content\/uploads\/2013\/11\/duch-\u015bw.jpg1_.jpg\"><img decoding=\"async\" loading=\"lazy\" class=\"alignnone size-full wp-image-77\" alt=\"duch \u015bw.jpg1\" src=\"http:\/\/www.odnowa.domchleba.com\/wp-content\/uploads\/2013\/11\/duch-\u015bw.jpg1_.jpg\" width=\"194\" height=\"260\" \/><\/a><\/p>\n<p><strong>Chrzest w Duchu\u00a0<\/strong><b>\u015awi\u0119tym<\/b><\/p>\n<p align=\"justify\"><strong>Chrzest w Duchu \u015awi\u0119tym \u2013 jak pokazuje do\u015bwiadczenie \u2013 przywraca ludziom utracon\u0105 nadziej\u0119, ma\u0142\u017conkom \u015bwie\u017c\u0105 mi\u0142o\u015b\u0107, osobom konsekrowanym rado\u015b\u0107 ze swego powo\u0142ania. Dzi\u0119ki niemu wszystko zostaje odnowione, a \u015bwi\u0119to\u015b\u0107 staje si\u0119 realn\u0105 perspektyw\u0105 \u017cycia.<\/strong><\/p>\n<div align=\"justify\"><\/div>\n<p align=\"justify\">Jeden z dziennikarzy zapyta\u0142 kiedy\u015b kard. L. J. Suenensa, jednego z ojc\u00f3w soboru watyka\u0144skiego II: \u2013Dlaczego Eminencja jest cz\u0142owiekiem nadziei, mimo panuj\u0105cego dzi\u015b zam\u0119tu? Kardyna\u0142, niewiele zastanawiaj\u0105c si\u0119, odpowiedzia\u0142: \u2013 Poniewa\u017c wierz\u0119 w Ducha \u015awi\u0119tego. Potem w swoim li\u015bcie rozszerzy\u0142 t\u0119 odpowied\u017a: \u201eJestem cz\u0142owiekiem nadziei, nie z ludzkich wzgl\u0119d\u00f3w czy dzi\u0119ki wrodzonemu optymizmowi, ale po prostu dlatego, \u017ce wierz\u0119, i\u017c Duch \u015awi\u0119ty dzia\u0142a w Ko\u015bciele i w \u015bwiecie, czy \u015bwiat o tym wie, czy nie. Jestem cz\u0142owiekiem nadziei, gdy\u017c wierz\u0119, i\u017c Duch \u015awi\u0119ty jest zawsze Duchem Stworzycielem, kt\u00f3ry ka\u017cdego ranka udziela temu, kto Go przyjmuje, nowej wolno\u015bci, daje rado\u015b\u0107 i ufno\u015b\u0107. Jestem cz\u0142owiekiem nadziei, gdy\u017c wiem, \u017ce historia Ko\u015bcio\u0142a to historia d\u0142uga i pe\u0142na cud\u00f3w Ducha \u015awi\u0119tego\u201d.<\/p>\n<div align=\"justify\"><\/div>\n<p align=\"justify\">To szczeg\u00f3lne \u015bwiadectwo nadziei, kt\u00f3re daje kard. Suenens jest zwi\u0105zane z tak zwanym \u201echrztem w Duchu \u015awi\u0119tym\u201d albo \u201enape\u0142nieniem Duchem \u015awi\u0119tym\u201d, lub jeszcze inaczej \u201eponownym wylaniem Ducha \u015awi\u0119tego\u201d. Terminy te, kojarzone zwykle z Odnow\u0105 w Duchu \u015awi\u0119tym, nape\u0142niaj\u0105 jeszcze wielu pewnym l\u0119kiem i nieufno\u015bci\u0105, jakby na ich brzmienie zapala\u0142o si\u0119 czerwone \u015bwiat\u0142o i pojawia\u0142 si\u0119 znak ostrzegawczy: Niebezpieczne. Tymczasem chrzest w Duchu \u015awi\u0119tym nie jest zarezerwowany dla jakiego\u015b jednego ruchu czy wsp\u00f3lnoty, ale nale\u017cy do trwa\u0142ego dziedzictwa Ko\u015bcio\u0142a. M\u00f3wi\u0105 o nim Tertulian, \u015bw. Cyryl Jerozolimski, \u015bw. Bazyli Wielki, \u015bw. Grzegorz z Nazjanzu, \u015bw. Jan Chryzostom i wielu innych ojc\u00f3w i pisarzy wczesnochrze\u015bcija\u0144skich.<\/p>\n<div align=\"justify\"><\/div>\n<p align=\"justify\">Chrzest w Duchu \u015awi\u0119tym jest integraln\u0105 cz\u0119\u015bci\u0105 wtajemniczenia chrze\u015bcija\u0144skiego. Obecnie, kiedy zdecydowana wi\u0119kszo\u015b\u0107 z nas przyj\u0119\u0142a sakrament chrztu w dzieci\u0144stwie, a i bierzmowanie traktowane jest jeszcze cz\u0119sto jako przepustka do \u015blubu ko\u015bcielnego, powstaje wielka potrzeba niejako \u201enadrobienia\u201d tego wszystkiego, co wi\u0105za\u0142o si\u0119 w przesz\u0142o\u015bci i wi\u0105\u017ce dzisiaj nierozerwalnie z przygotowaniem doros\u0142ych do sakramentu chrztu. Sakrament chrztu (tak\u017ce bierzmowania i Eucharystii) jest przymierzem Boga z cz\u0142owiekiem. Ze strony Boga to przymierze jest pe\u0142ne, nawet je\u015bli B\u00f3g zawiera je z ma\u0142ym dzieckiem. Natomiast ze strony cz\u0142owieka domaga si\u0119 ono \u015bwiadomej i wolnej odpowiedzi, kt\u00f3r\u0105 mo\u017ce da\u0107 doros\u0142y cz\u0142owiek.<\/p>\n<div align=\"justify\"><\/div>\n<p align=\"justify\">Chrzest w Duchu \u015awi\u0119tym jest w istocie takim wydarzeniem w \u017cyciu chrze\u015bcijanina, w kt\u00f3rym ten \u015bwiadomie otwiera si\u0119 na Ducha \u015awi\u0119tego, a Duch \u015awi\u0119ty uaktywnia \u0142ask\u0119 sakramentu chrztu i bierzmowania, by mog\u0142a rodzi\u0107 owoce. Powoduje zdecydowan\u0105 przemian\u0119 cz\u0142owieka, jakby chodzi\u0142o o nowe narodzenie. Niekt\u00f3rzy nawet licz\u0105 dni i lata swojego \u017cycia od momentu tego wydarzenia. Niekiedy nazwa si\u0119 go drugim nawr\u00f3ceniem, kt\u00f3re rodzi dojrza\u0142e owoce wiary i \u017cycia chrze\u015bcija\u0144skiego.<\/p>\n<div align=\"justify\"><\/div>\n<p align=\"justify\">Co mo\u017ce wnie\u015b\u0107 w moje \u017cycie owo drugie nawr\u00f3cenie? Dotkni\u0119ty \u0142ask\u0105 u\u015bwiadomi\u0119 sobie, \u017ce B\u00f3g we mnie naprawd\u0119 mieszka. Zaczn\u0119 odkrywa\u0107 siebie jako umi\u0142owane dziecko Ojca Niebieskiego. Zwykle przychodzi wtedy \u015bwiadomo\u015b\u0107, \u017ce potrzebuj\u0119 zbawienia i chc\u0119 podda\u0107 swoje \u017cycie panowaniu Jezusa. W wylaniu si\u0119 Ducha wszystko staje si\u0119 \u0142ask\u0105. On przejmuje inicjatyw\u0119 w moim \u017cyciu. Mog\u0119 pozna\u0107 nowy smak s\u0142owa Bo\u017cego, przestaje ono by\u0107 martw\u0105 liter\u0105, a staje si\u0119 \u017cywym s\u0142owem. Kiedy w taki spos\u00f3b przychodzi Duch \u015awi\u0119ty, uczy mnie prostej modlitwy, uwielbienia, umi\u0142owania sakrament\u00f3w, nowego zrozumienia spraw Bo\u017cych i ludzkich i wlewa przede wszystkim nowe zaufanie i nadziej\u0119, o kt\u00f3rej m\u00f3wi\u0142 kard. Suenens. Wa\u017cnym owocem dzia\u0142ania Ducha \u015awi\u0119tego jest szczeg\u00f3lnie mocne do\u015bwiadczenie Ko\u015bcio\u0142a. Potrzebuj\u0119 wsp\u00f3lnoty i odczuwam jedno\u015b\u0107 ze wszystkimi chrze\u015bcijanami. W zwi\u0105zku z tym przychodzi r\u00f3wnie\u017c g\u0142\u0119bokie przynaglenie do dawania \u015bwiadectwa, do ewangelizacji i do dzia\u0142ania na rzecz jedno\u015bci. Z tym nowym odkryciem Ko\u015bcio\u0142a wi\u0105\u017ce si\u0119 tak\u017ce odczucie i pragnienie jedno\u015bci ze \u015bwi\u0119tymi w chwale. Zmartwychwstanie umar\u0142ych i w\u0142asne zmartwychwstanie w Chrystusie staje si\u0119 realne, bliskie i ju\u017c w jaki\u015b spos\u00f3b zapocz\u0105tkowane, ust\u0119puje zatem strach przed pot\u0119pieniem.<\/p>\n<div align=\"justify\"><\/div>\n<p align=\"justify\">Nowemu wylaniu Ducha \u015awi\u0119tego mog\u0105 towarzyszy\u0107 i najcz\u0119\u015bciej towarzysz\u0105 charyzmaty. Cz\u0142owiek, kt\u00f3ry otwiera si\u0119 na Ducha \u015awi\u0119tego, otwiera si\u0119 r\u00f3wnie\u017c na dary (greckie charismata), kt\u00f3re On chce da\u0107 dla wsp\u00f3lnego po\u017cytku i dla pos\u0142ugi w Ko\u015bciele i w \u015bwiecie. Mog\u0105 to by\u0107 charyzmaty bardzo zwyczajne, polegaj\u0105ce na tym, \u017ce chrze\u015bcijanin nape\u0142niony Duchem Bo\u017cym posiada r\u00f3\u017cne umiej\u0119tno\u015bci i wykonuje czynno\u015bci, zaj\u0119cia, urz\u0119dy, pos\u0142ugi w spos\u00f3b niezwyczajny, niejako przerastaj\u0105cy tylko osobiste talenty i si\u0142y. Ale Duch \u015awi\u0119ty mo\u017ce udzieli\u0107 r\u00f3wnie\u017c dar\u00f3w nadzwyczajnych, jak: charyzmat j\u0119zyk\u00f3w, proroctwa, rozeznawania duch\u00f3w, uzdrawiania, czynienia cud\u00f3w i wielu innych. Jak \u015bwiadczy Pismo \u015awi\u0119te, s\u0105 to dary, dzi\u0119ki kt\u00f3rym wsp\u00f3lnota Ludu Bo\u017cego \u017cyje i skutecznie ewangelizuje. Je\u015bli owoce wylania Ducha \u015awi\u0119tego s\u0105 dla osoby, kt\u00f3ra otwiera si\u0119 na Jego dzia\u0142anie znakiem wzrostu ku osobistej \u015bwi\u0119to\u015bci, to charyzmaty s\u0105 dla budowania Ko\u015bcio\u0142a. Do\u015bwiadczenie pokazuje, \u017ce nie mo\u017cna tylko pragn\u0105\u0107 owoc\u00f3w, odrzucaj\u0105c charyzmaty, bo prawdopodobnie ani jedno, ani drugie nie napotka w\u0142a\u015bciwego gruntu w tym cz\u0142owieku. Duch Bo\u017cy jest bowiem ze swej istoty darem i nie spos\u00f3b Go przyj\u0105\u0107 tylko dla siebie, nie chc\u0105c jednocze\u015bnie s\u0142u\u017cy\u0107 innym.<\/p>\n<div align=\"justify\"><\/div>\n<p align=\"justify\">W jaki spos\u00f3b otworzy\u0107 si\u0119 na ponowne wylanie Ducha \u015awi\u0119tego? Nie ma na to sztywnych regu\u0142. Najcz\u0119\u015bciej, jako pomoc dla tych, kt\u00f3rzy pragn\u0105 chrztu w Duchu \u015awi\u0119tym, przeprowadza si\u0119 tzw. seminaria \u017cycia w Duchu \u015awi\u0119tym albo seminaria wiary, kt\u00f3rych uwie\u0144czeniem jest modlitwa braci z w\u0142o\u017ceniem r\u0105k, co jest analogiczne do w\u0142o\u017cenia r\u0105k rodzic\u00f3w chrzestnych podczas sakramentu chrztu. Innym razem jest to ten sam rodzaj modlitwy os\u00f3b trzecich, ale bez wst\u0119pnego uczestnictwa w seminarium. Bywa jednak, i to nierzadko, \u017ce cz\u0142owiek spontanicznie otwiera si\u0119 na Ducha i prze\u017cywa Jego przyj\u015bcie.<\/p>\n<div align=\"justify\"><\/div>\n<p align=\"justify\">Czy po wylaniu Ducha \u015awi\u0119tego chrze\u015bcijanin staje si\u0119 automatycznie lepszym, \u015bwi\u0119tszym cz\u0142owiekiem? Nie. Chrzest w Duchu \u015awi\u0119tym raczej otwiera drog\u0119 do \u015bwi\u0119to\u015bci, prowadzi do \u017cycia w Duchu \u015awi\u0119tym, kt\u00f3re dopiero stanowi o \u015bwi\u0119to\u015bci chrze\u015bcijanina. Dzi\u0119ki niemu \u015bwi\u0119to\u015b\u0107 staje si\u0119 realn\u0105 perspektyw\u0105 \u017cycia, nie odbiera si\u0119 jej wi\u0119cej jako nieosi\u0105galnej dla przeci\u0119tnych ludzi. Jednak\u017ce te otwarte drzwi mo\u017cna w ka\u017cdej chwili przed sob\u0105 zamkn\u0105\u0107 i zniweczy\u0107 wszystko.<\/p>\n<div align=\"justify\"><\/div>\n<p align=\"justify\">Wylanie Ducha \u015awi\u0119tego to wielka szansa dla ka\u017cdego. Duch bowiem odnawia wszystko. Odk\u0105d zst\u0105pi\u0142 w postaci ognistych j\u0119zyk\u00f3w na aposto\u0142\u00f3w zgromadzonych na modlitwie z Maryj\u0105, Matk\u0105 Jezusa, aby Ko\u015bci\u00f3\u0142 wyszed\u0142 z zamkni\u0119cia i w Jego mocy dawa\u0142 \u015bwiadectwo o swoim zmartwychwsta\u0142ym Panu, zst\u0119puje za ka\u017cdym razem, ilekro\u0107 z powodu s\u0142abo\u015bci czy prze\u015bladowa\u0144 Ko\u015bci\u00f3\u0142 potrzebuje nowej mocy. Jak pokazuje do\u015bwiadczenie, chrzest w Duchu przywraca ludziom utracon\u0105 nadziej\u0119, ma\u0142\u017conkom przywraca \u015bwie\u017c\u0105 mi\u0142o\u015b\u0107, osobom konsekrowanym rado\u015b\u0107 ze swego powo\u0142ania, kap\u0142ani staj\u0105 si\u0119 gorliwymi pasterzami. Wszystko staje si\u0119 nowe. A dzieje si\u0119 tak dlatego, \u017ce:<\/p>\n<div align=\"justify\"><\/div>\n<p align=\"justify\"><strong>Bez Ducha \u015awi\u0119tego B\u00f3g jest daleko,<\/strong><\/p>\n<div align=\"justify\"><strong>\u00a0Chrystus pozostaje w przesz\u0142o\u015bci,<\/strong><\/div>\n<div align=\"justify\"><strong>\u00a0Ewangelia pozostaje martw\u0105 liter\u0105,<\/strong><\/div>\n<div align=\"justify\"><strong>\u00a0Ko\u015bci\u00f3\u0142 jest organizacj\u0105,<\/strong><\/div>\n<div align=\"justify\"><strong>\u00a0w\u0142adza \u2013 dominacj\u0105,<\/strong><\/div>\n<div align=\"justify\"><strong>\u00a0misja \u2013 propagand\u0105,<\/strong><\/div>\n<div align=\"justify\"><strong>\u00a0liturgia \u2013 niczym wi\u0119cej, jak tylko wspomnieniem,<\/strong><\/div>\n<div align=\"justify\"><strong>\u00a0\u017cycie chrze\u015bcija\u0144skie \u2013 moralno\u015bci\u0105 niewolnika.<\/strong><\/div>\n<div align=\"justify\"><\/div>\n<div align=\"justify\"><strong>\u00a0Ale w Duchu \u015awi\u0119tym:<\/strong><\/div>\n<div align=\"justify\"><\/div>\n<div align=\"justify\"><strong>\u00a0kosmos jest zmartwychwsta\u0142y i wzdycha w b\u00f3lach rodzenia Kr\u00f3lestwa,<\/strong><\/div>\n<div align=\"justify\"><strong>\u00a0Zmartwychwsta\u0142y Chrystus jest tutaj,<\/strong><\/div>\n<div align=\"justify\"><strong>\u00a0Ewangelia jest moc\u0105 \u017cycia,<\/strong><\/div>\n<div align=\"justify\"><strong>\u00a0Ko\u015bci\u00f3\u0142 ukazuje \u017cycie Tr\u00f3jcy,<\/strong><\/div>\n<div align=\"justify\"><strong>\u00a0w\u0142adza jest pos\u0142ug\u0105 wyzwalania,<\/strong><\/div>\n<div align=\"justify\"><strong>\u00a0misja jest Pi\u0119\u0107dziesi\u0105tnic\u0105,<\/strong><\/div>\n<div align=\"justify\"><strong>\u00a0liturgia \u2013 pami\u0105tk\u0105 i zapowiedzi\u0105,<\/strong><\/div>\n<div align=\"justify\"><strong>\u00a0ludzkie dzia\u0142anie jest przeb\u00f3stwione.<\/strong><\/div>\n<div align=\"justify\"><strong>\u00a0(Metropolita Ignacy z Latakii)<\/strong><\/div>\n<div align=\"justify\"><strong>\u00a0\u00a0\u00a0Waldemar Korba OFMCap<\/strong><\/div>\n<p><a href=\"http:\/\/www.odnowa.domchleba.com\/wp-content\/uploads\/2013\/11\/chrzest-w-duchu-\u015bw.jpg\"><img decoding=\"async\" loading=\"lazy\" class=\"alignnone size-full wp-image-78\" alt=\"chrzest w duchu \u015bw\" src=\"http:\/\/www.odnowa.domchleba.com\/wp-content\/uploads\/2013\/11\/chrzest-w-duchu-\u015bw.jpg\" width=\"259\" height=\"194\" \/><\/a><\/p>\n<span class=\"vvqbox vvqyoutube\" style=\"width:425px;height:344px;\"><span id=\"vvq-76-youtube-1\"><a href=\"http:\/\/www.youtube.com\/watch?v=43B4hhqTBj8\"><img src=\"http:\/\/img.youtube.com\/vi\/43B4hhqTBj8\/0.jpg\" alt=\"YouTube Preview Image\" \/><\/a><\/span><\/span>\n<p>&nbsp;<\/p>\n","protected":false},"excerpt":{"rendered":"<p>Kim jest Duch \u015awi\u0119ty Duch \u015awi\u0119ty jest prawdziw\u0105 osob\u0105, kt\u00f3ra przysz\u0142a na \u015bwiat, by mieszka\u0107 w autentycznych na\u015bladowcach Jezusa Chrystusa&hellip;<\/p>\n","protected":false},"author":1,"featured_media":0,"parent":0,"menu_order":0,"comment_status":"open","ping_status":"open","template":"","meta":[],"_links":{"self":[{"href":"http:\/\/www.odnowa.domchleba.com\/index.php?rest_route=\/wp\/v2\/pages\/76"}],"collection":[{"href":"http:\/\/www.odnowa.domchleba.com\/index.php?rest_route=\/wp\/v2\/pages"}],"about":[{"href":"http:\/\/www.odnowa.domchleba.com\/index.php?rest_route=\/wp\/v2\/types\/page"}],"author":[{"embeddable":true,"href":"http:\/\/www.odnowa.domchleba.com\/index.php?rest_route=\/wp\/v2\/users\/1"}],"replies":[{"embeddable":true,"href":"http:\/\/www.odnowa.domchleba.com\/index.php?rest_route=%2Fwp%2Fv2%2Fcomments&post=76"}],"version-history":[{"count":4,"href":"http:\/\/www.odnowa.domchleba.com\/index.php?rest_route=\/wp\/v2\/pages\/76\/revisions"}],"predecessor-version":[{"id":111,"href":"http:\/\/www.odnowa.domchleba.com\/index.php?rest_route=\/wp\/v2\/pages\/76\/revisions\/111"}],"wp:attachment":[{"href":"http:\/\/www.odnowa.domchleba.com\/index.php?rest_route=%2Fwp%2Fv2%2Fmedia&parent=76"}],"curies":[{"name":"wp","href":"https:\/\/api.w.org\/{rel}","templated":true}]}}