{"id":57,"date":"2013-11-16T18:22:02","date_gmt":"2013-11-16T17:22:02","guid":{"rendered":"http:\/\/www.odnowa.domchleba.com\/?page_id=57"},"modified":"2013-11-16T23:02:13","modified_gmt":"2013-11-16T22:02:13","slug":"modlitwy","status":"publish","type":"page","link":"http:\/\/www.odnowa.domchleba.com\/?page_id=57","title":{"rendered":"Modlitwy"},"content":{"rendered":"<p><strong><big><big>\u015awi\u0119ty<\/big><\/big><\/strong><b><big><big> Pawe\u0142 m\u00f3wi: &#8220;Nieustannie si\u0119 m\u00f3dlcie!&#8221;<br \/>\n(2 Tes 5,17).<\/big><\/big><\/b><\/p>\n<p><b><big><big>Czy jednak wsp\u00f3\u0142czesny cz\u0142owiek ma czas na nieustann\u0105 modlitw\u0119?<br \/>\nNa pewno nieliczni tylko s\u0105 do tego zdolni. A przecie\u017c modlitwa mo\u017ce by\u0107 niezwykle pomocna w wielu \u017cyciowych sytuacjach, nie tylko tragicznych (\u015bmier\u0107, ci\u0119\u017cka choroba, uzale\u017cnienia), ale i radosnych.<br \/>\nPrzez modlitw\u0119 cz\u0142owiek zbli\u017ca si\u0119 do Stw\u00f3rcy.<\/big><\/big><\/b><\/p>\n<p><a href=\"http:\/\/www.odnowa.domchleba.com\/wp-content\/uploads\/2013\/11\/trudy-\u017cycia.jpg\"><img decoding=\"async\" loading=\"lazy\" class=\"alignnone size-full wp-image-58\" alt=\"trudy \u017cycia\" src=\"http:\/\/www.odnowa.domchleba.com\/wp-content\/uploads\/2013\/11\/trudy-\u017cycia.jpg\" width=\"275\" height=\"183\" \/><\/a><\/p>\n<p><strong>Ofiarowanie si\u0119 duchowi \u015bwi\u0119temu.<\/strong><\/p>\n<p>Bo\u017ce, Duchu \u015awi\u0119ty,<br \/>\ns\u0142odka mi\u0142o\u015bci Ojca i Syna.<br \/>\nAby ca\u0142kowicie nale\u017ce\u0107 do Ciebie,<br \/>\noddaj\u0119 Ci teraz i na zawsze:<br \/>\nmoje serce, moje cia\u0142o i dusz\u0119,<br \/>\nmoje si\u0142y i zdolno\u015bci,<br \/>\nmoje cierpienia i rado\u015bci,<br \/>\nmoje \u017cycie i \u015bmier\u0107.<br \/>\nOddaj\u0119 Ci te\u017c wszystkich,<br \/>\nkt\u00f3rzy s\u0105 mi drodzy i wszystko,<br \/>\nczym jestem i co posiadam,<br \/>\naby\u015b Ty sam m\u00f3g\u0142 tym rozporz\u0105dza\u0107<br \/>\ni panowa\u0107 nade mn\u0105 swoj\u0105 mi\u0142o\u015bci\u0105,<br \/>\nteraz i w wieczno\u015bci. Amen.<\/p>\n<p><strong>Akt po\u015bwi\u0119cenia si\u0119 Duchowi \u015awi\u0119temu.<\/strong><\/p>\n<p>Duchu \u015awi\u0119ty, Boski Duchu \u015bwiat\u0142a i mi\u0142o\u015bci, Tobie po\u015bwi\u0119cam m\u00f3j rozum, serce, wol\u0119 i ca\u0142\u0105 moj\u0105 istot\u0119, teraz i na zawsze. Spraw, aby m\u00f3j rozum by\u0142 zawsze pos\u0142uszny Twoim natchnieniom i by odkrywa\u0142 Twoj\u0105 obecno\u015b\u0107 w Ko\u015bciele, kt\u00f3ry Ty nieomylnie prowadzisz. Niech moje serce zawsze p\u0142onie mi\u0142o\u015bci\u0105 Boga i bli\u017aniego, a moja wola niech b\u0119dzie zgodna z wol\u0105 Bo\u017c\u0105, aby ca\u0142e moje \u017cycie mog\u0142o sta\u0107 si\u0119 wiernym na\u015bladowaniem \u017cycia i cn\u00f3t naszego Pana i Zbawcy Jezusa Chrystusa, kt\u00f3remu niech b\u0119dzie cze\u015b\u0107 i chwa\u0142a wraz z Ojcem i Tob\u0105 na wieki. Amen.<\/p>\n<p>Ojcze nasz i Chwa\u0142a Ojcu (7 razy)<\/p>\n<p>na uproszenie 7 dar\u00f3w Ducha \u015awi\u0119tego<\/p>\n<p>W. Ze\u015blij Ducha Twego, a powstanie \u017cycie,<br \/>\nO. I odnowisz oblicze ziemi.<\/p>\n<p>M\u00f3dlmy si\u0119:<br \/>\nDuchu \u015awi\u0119ty, kt\u00f3ry nape\u0142niasz okr\u0105g ziemi i przenikasz tajniki naszych serc, odn\u00f3w nas sw\u0105 o\u017cywcz\u0105 \u0142ask\u0105 i spraw, aby\u015bmy byli wiernymi \u015bwiadkami Twojej prawdy. Ty, kt\u00f3ry mieszkasz w nas, aby wspomaga\u0107 nasz\u0105 s\u0142abo\u015b\u0107, ze\u015blij ogie\u0144 Twej Bo\u017cej mocy, aby oczy\u015bci\u0142 nas, umocni\u0142 i obudzi\u0142 t\u0119sknot\u0119 za now\u0105 ziemi\u0105 i nowym niebem. Przez Chrystusa, Pana naszego. Amen.<\/p>\n<p><a href=\"http:\/\/www.odnowa.domchleba.com\/wp-content\/uploads\/2013\/11\/duch-\u015bw.jpg\"><img decoding=\"async\" loading=\"lazy\" class=\"alignnone size-full wp-image-62\" alt=\"duch \u015bw\" src=\"http:\/\/www.odnowa.domchleba.com\/wp-content\/uploads\/2013\/11\/duch-\u015bw.jpg\" width=\"264\" height=\"191\" \/><\/a><\/p>\n<p><strong>Modlitwa \u015bw. Augustyna<\/strong><\/p>\n<p>Duchu \u015awi\u0119ty, Bo\u017ce,<br \/>\ntchnij mnie swoim tchnieniem,<br \/>\nabym my\u015bla\u0142 o tym, co jest \u015bwi\u0119te.<br \/>\nProwad\u017a mnie, Duchu \u015awi\u0119ty,<br \/>\nabym czyni\u0142 to, co jest \u015bwi\u0119te.<br \/>\nPrzyci\u0105gaj mnie do siebie, Duchu \u015awi\u0119ty,<br \/>\nabym kocha\u0142 to, co jest \u015bwi\u0119te.<br \/>\nUmacniaj mnie, Duchu \u015awi\u0119ty,<br \/>\nabym strzeg\u0142 tego, co jest \u015bwi\u0119te.<br \/>\nStrze\u017c mnie, Duchu \u015awi\u0119ty,<br \/>\nabym nigdy nie utraci\u0142 tego, co jest \u015bwi\u0119te.<br \/>\nAmen.<\/p>\n<p><strong>Przyjd\u017a Duchu \u015bwi\u0119ty<\/strong><\/p>\n<p>Przyjd\u017a, Duchu \u015awi\u0119ty, i zapal w nas p\u0142omie\u0144<br \/>\nTwojej Mi\u0142o\u015bci i Pa\u0144skiej boja\u017ani;<br \/>\ndaj nam us\u0142ysze\u0107 Tw\u00f3j g\u0142os tajemniczy<br \/>\nw naszych sumieniach.<\/p>\n<p>Pocieszycielu, niech blask Tw\u00f3j rozproszy<br \/>\nmroku umys\u0142\u00f3w i serca o\u017cywi,<br \/>\nTy bowiem jeste\u015b ja\u015bniejszy od s\u0142o\u0144ca,<br \/>\nkt\u00f3re ju\u017c wschodzi.<\/p>\n<p>Naucz nas, Duchu, wype\u0142nia\u0107 Tw\u0105 wol\u0119,<br \/>\nZawsze Ci s\u0142u\u017cy\u0107 w pokornym poddaniu;<br \/>\nw ka\u017cdym cz\u0142owieku dostrzega\u0107 przez wiar\u0119<br \/>\nTwoj\u0105 obecno\u015b\u0107.<\/p>\n<p>U\u015bwi\u0119\u0107 owoce naszego wysi\u0142ku,<br \/>\nObdarz pokojem i \u0142ask\u0105 wytrwania,<br \/>\nprowad\u017a nas drog\u0105 codziennej wierno\u015bci<br \/>\nTwoim natchnieniom.<\/p>\n<p>Ojcu, Synowi i Tobie, Naj\u015bwi\u0119tszy,<br \/>\nChwa\u0142a niech b\u0119dzie na niebie i ziemi,<br \/>\nTy bowiem jeste\u015b weselem i dobrem<br \/>\nduszy cz\u0142owieczej.<br \/>\nAmen.<\/p>\n<p>&nbsp;<\/p>\n<p><strong>Litania do Ducha \u015bwi\u0119tego<\/strong><\/p>\n<p>&nbsp;<\/p>\n<p>Kyrie, elejson, Chryste, elejson. Kyrie, elejson.<\/p>\n<p>Chryste, us\u0142ysz nas. Chryste, wys\u0142uchaj nas.<\/p>\n<p>&nbsp;<\/p>\n<p>Ojcze z nieba, Bo\u017ce, zmi\u0142uj si\u0119 nad nami.<\/p>\n<p>Synu, Odkupicielu \u015bwiata, Bo\u017ce,<\/p>\n<p>Duchu \u015awi\u0119ty, Bo\u017ce,<\/p>\n<p>\u015awi\u0119ta Tr\u00f3jco, Jedyny Bo\u017ce,<\/p>\n<p>&nbsp;<\/p>\n<p>Duchu \u015awi\u0119ty, Trzecia Osobo Tr\u00f3jcy Przenaj\u015bwi\u0119tszej, zmi\u0142uj si\u0119 nad nami.<\/p>\n<p>Duchu \u015awi\u0119ty, kt\u00f3ry od Ojca i Syna pochodzisz,<\/p>\n<p>Duchu \u015awi\u0119ty, kt\u00f3ry na pocz\u0105tku stworzenia \u015bwiata unosi\u0142e\u015b si\u0119 nad wodami,<\/p>\n<p>Duchu \u015awi\u0119ty, kt\u00f3ry w postaci go\u0142\u0119bicy pojawi\u0142e\u015b si\u0119 nad Chrystusem w wodach Jordanu,<\/p>\n<p>Duchu \u015awi\u0119ty, kt\u00f3ry zst\u0105pi\u0142e\u015b na Aposto\u0142\u00f3w w postaci j\u0119zyk\u00f3w ognistych,<\/p>\n<p>Duchu \u015awi\u0119ty, kt\u00f3ry \u017carem gorliwo\u015bci przepe\u0142ni\u0142e\u015b serca uczni\u00f3w Pa\u0144skich,<\/p>\n<p>Duchu \u015awi\u0119ty, kt\u00f3ry odrodzi\u0142e\u015b nas w wodzie Chrztu \u015bwi\u0119tego,<\/p>\n<p>Duchu \u015awi\u0119ty, kt\u00f3ry nas umocni\u0142e\u015b w Sakramencie Bierzmowania,<\/p>\n<p>Duchu \u015awi\u0119ty, przez kt\u00f3rego B\u00f3g czyni nas dzie\u0107mi Swoimi,<\/p>\n<p>Duchu \u015awi\u0119ty, kt\u00f3ry wlewasz mi\u0142o\u015b\u0107 Bosk\u0105 do serc naszych,<\/p>\n<p>Duchu \u015awi\u0119ty, kt\u00f3ry nas uczysz prawdziwej pobo\u017cno\u015bci,<\/p>\n<p>Duchu \u015awi\u0119ty, \u017ar\u00f3d\u0142o rado\u015bci,<\/p>\n<p>Duchu \u015awi\u0119ty, stra\u017cniku naszych sumie\u0144,<\/p>\n<p>Duchu \u015awi\u0119ty obecny w nas przez Twoj\u0105 \u0142ask\u0119,<\/p>\n<p>Duchu \u015awi\u0119ty, Dawco m\u0105dro\u015bci i rozumu,<\/p>\n<p>Duchu \u015awi\u0119ty, Dawco rady i m\u0119stwa,<\/p>\n<p>Duchu \u015awi\u0119ty, Dawco umiej\u0119tno\u015bci i pobo\u017cno\u015bci,<\/p>\n<p>Duchu \u015awi\u0119ty, Dawco boja\u017ani Bo\u017cej,<\/p>\n<p>Duchu \u015awi\u0119ty, Dawco wiary, nadziei i mi\u0142o\u015bci,<\/p>\n<p>Duchu \u015awi\u0119ty, natchnienie skruchy i \u017calu wybranych,<\/p>\n<p>B\u0105d\u017a nam mi\u0142o\u015bciw, przepu\u015b\u0107 nam, Duchu \u015bwi\u0119ty.<\/p>\n<p>B\u0105d\u017a nam mi\u0142o\u015bciw, wys\u0142uchaj nas, Duchu \u015bwi\u0119ty.<\/p>\n<p>B\u0105d\u017a nam mi\u0142o\u015bciw, wybaw nas, Duchu \u015bwi\u0119ty.<\/p>\n<p>Od zw\u0105tpienia w zbawcze dzia\u0142ania \u0142aski, wybaw nas, Duchu \u015bwi\u0119ty.<\/p>\n<p>Od buntu przeciwko prawdzie chrze\u015bcija\u0144skiej,<\/p>\n<p>Od braku serca wobec naszych bli\u017anich,<\/p>\n<p>Od zatwardzia\u0142o\u015bci w grzechach,<\/p>\n<p>Od zaniedbania pokuty,<\/p>\n<p>Od wszelkich z\u0142ych i nieczystych spraw i my\u015bli,<\/p>\n<p>Od nag\u0142ej i niespodziewanej \u015bmierci,<\/p>\n<p>Od wiekuistego pot\u0119pienia,<\/p>\n<p>My grzeszni, Ciebie prosimy, wys\u0142uchaj nas, Duchu \u015bwi\u0119ty.<\/p>\n<p>Aby\u015b Ko\u015bcio\u0142em Twoim \u015bwi\u0119tym rz\u0105dzi\u0107 i zachowa\u0107 go raczy\u0142,<\/p>\n<p>Aby\u015b nas w wierze katolickiej utwierdzi\u0107 raczy\u0142,<\/p>\n<p>Aby\u015b nam wytrwa\u0142o\u015bci i m\u0119stwa udzieli\u0107 raczy\u0142,<\/p>\n<p>Aby\u015b umys\u0142y nasze pragnieniem posiadania nieba natchn\u0105\u0107 raczy\u0142,<\/p>\n<p>Aby\u015b w nas godne dla siebie mieszkanie przygotowa\u0107 raczy\u0142,<\/p>\n<p>Aby\u015b nas w cierpieniach pocieszy\u0107 raczy\u0142, Aby\u015b nas w Twojej \u0142asce utwierdzi\u0107 raczy\u0142,<\/p>\n<p>Aby\u015b nas wszystkich do zbawienia doprowadzi\u0107 raczy\u0142,<\/p>\n<p>&nbsp;<\/p>\n<p>Baranku Bo\u017cy, kt\u00f3ry g\u0142adzisz grzechy \u015bwiata, przepu\u015b\u0107 nam, Panie.<\/p>\n<p>Baranku Bo\u017cy, kt\u00f3ry g\u0142adzisz grzechy \u015bwiata, wys\u0142uchaj nas, Panie.<\/p>\n<p>Baranku Bo\u017cy, kt\u00f3ry g\u0142adzisz grzechy \u015bwiata, zmi\u0142uj si\u0119 nad nami.<\/p>\n<p>&nbsp;<\/p>\n<p>&nbsp;<\/p>\n<p>P: Stw\u00f3rz, Bo\u017ce, we mnie serce czyste.<\/p>\n<p>W: I odn\u00f3w we mnie moc Ducha.<\/p>\n<p>&nbsp;<\/p>\n<p>M\u00f3dlmy si\u0119:<\/p>\n<p>Duchu \u015awi\u0119ty, kt\u00f3ry zgromadzi\u0142e\u015b wszystkie narody w jedno\u015bci wiary, przyb\u0105d\u017a i nape\u0142nij serca Twoich s\u0142ug Swoj\u0105 \u0142ask\u0105, zapal w nas ogie\u0144 Twojej mi\u0142o\u015bci i chro\u0144 od wszelkiego z\u0142ego;<\/p>\n<p>Amen.<\/p>\n<p>&nbsp;<\/p>\n<p><strong>Pot\u0119\u017cna Niebios Kr\u00f3lowo (ma\u0142y egzorcyzm)<\/strong><\/p>\n<p>i Pani Anio\u0142\u00f3w, Ty kt\u00f3ra\u015b otrzyma\u0142a<\/p>\n<p>od Boga pos\u0142annictwo i w\u0142adz\u0119,<\/p>\n<p>by zetrze\u0107 g\u0142ow\u0119 sztana, prosimy Ci\u0119<\/p>\n<p>pokornie- rozka\u017c hufcom anielskim, aby<\/p>\n<p>\u015bciga\u0142y sztan\u00f3w, st\u0142umi\u0142y ich zuchwa\u0142o\u015b\u0107,<\/p>\n<p>a zwalczaj\u0105c ich wsz\u0119dzie str\u0105ci\u0142y do piek\u0142a.<\/p>\n<p>&nbsp;<\/p>\n<p>Amen.<\/p>\n<p>\u015awi\u0119ci Anio\u0142owie i Archanio\u0142owie<\/p>\n<p>bro\u0144cie nas i strze\u017ccie nas. Amen.<\/p>\n<p>&nbsp;<\/p>\n<p>&nbsp;<\/p>\n","protected":false},"excerpt":{"rendered":"<p>\u015awi\u0119ty Pawe\u0142 m\u00f3wi: &#8220;Nieustannie si\u0119 m\u00f3dlcie!&#8221; (2 Tes 5,17). Czy jednak wsp\u00f3\u0142czesny cz\u0142owiek ma czas na nieustann\u0105 modlitw\u0119? Na pewno&hellip;<\/p>\n","protected":false},"author":1,"featured_media":0,"parent":0,"menu_order":0,"comment_status":"open","ping_status":"open","template":"","meta":[],"_links":{"self":[{"href":"http:\/\/www.odnowa.domchleba.com\/index.php?rest_route=\/wp\/v2\/pages\/57"}],"collection":[{"href":"http:\/\/www.odnowa.domchleba.com\/index.php?rest_route=\/wp\/v2\/pages"}],"about":[{"href":"http:\/\/www.odnowa.domchleba.com\/index.php?rest_route=\/wp\/v2\/types\/page"}],"author":[{"embeddable":true,"href":"http:\/\/www.odnowa.domchleba.com\/index.php?rest_route=\/wp\/v2\/users\/1"}],"replies":[{"embeddable":true,"href":"http:\/\/www.odnowa.domchleba.com\/index.php?rest_route=%2Fwp%2Fv2%2Fcomments&post=57"}],"version-history":[{"count":9,"href":"http:\/\/www.odnowa.domchleba.com\/index.php?rest_route=\/wp\/v2\/pages\/57\/revisions"}],"predecessor-version":[{"id":81,"href":"http:\/\/www.odnowa.domchleba.com\/index.php?rest_route=\/wp\/v2\/pages\/57\/revisions\/81"}],"wp:attachment":[{"href":"http:\/\/www.odnowa.domchleba.com\/index.php?rest_route=%2Fwp%2Fv2%2Fmedia&parent=57"}],"curies":[{"name":"wp","href":"https:\/\/api.w.org\/{rel}","templated":true}]}}