{"id":52,"date":"2013-11-16T18:12:39","date_gmt":"2013-11-16T17:12:39","guid":{"rendered":"http:\/\/www.odnowa.domchleba.com\/?page_id=52"},"modified":"2013-11-25T09:50:45","modified_gmt":"2013-11-25T08:50:45","slug":"odnowa-w-duchu-swietym","status":"publish","type":"page","link":"http:\/\/www.odnowa.domchleba.com\/?page_id=52","title":{"rendered":"Odnowa w duchu \u015bwi\u0119tym -historia"},"content":{"rendered":"<h4>Jak powstawa\u0142a&#8230;<\/h4>\n<p>Na pocz\u0105tku XX w. w ko\u015bcio\u0142ach protestanckich da\u0142o si\u0119 zauwa\u017cy\u0107 charyzmatyczne o\u017cywienie, kt\u00f3re\u00a0<b>w latach 60. zaowocowa\u0142o powstaniem w Ko\u015bciele katolickim pierwszych grup Odnowy Charyzmatycznej<\/b>. Dzi\u015b ju\u017c miliony chrze\u015bcijan r\u00f3\u017cnych wyzna\u0144 do\u015bwiadczy\u0142o &#8220;chrztu w Duchu \u015awi\u0119tym&#8221;.<\/p>\n<p>Znane z czas\u00f3w apostolskich o\u017cywienie charyzmatyczne pojawi\u0142o si\u0119 ponownie na pocz\u0105tkach XX w. w Armenii, Stanach Zjednoczonych, Walii, Indiach w tym samym czasie, niezale\u017cnie od siebie. Ko\u015bci\u00f3\u0142 katolicki, obserwuj\u0105c o\u017cywienie charyzmatyczne w ko\u015bcio\u0142ach protestanckich, nie m\u00f3g\u0142 pozosta\u0107 wobec niego oboj\u0119tny. Podczas obrad Soboru Watyka\u0144skiego II w 1963 r. powa\u017cna dyskusja teologiczna dotyczy\u0142a charyzmat\u00f3w. Owocem jej by\u0142o zamieszczenie w Konstytucji Dogmatycznej o Ko\u015bciele\u00a0<i>Lumen Gentium\u00a0<\/i>zapisu o tym, \u017ce Duch \u015awi\u0119ty prowadzi i u\u015bwi\u0119ca Ko\u015bci\u00f3\u0142 nie tylko przez sakramenty i pos\u0142ugi, ale r\u00f3wnie\u017c udzielaj\u0105c wiernym szczeg\u00f3lnych, szeroko rozpowszechnionych \u0142ask (charyzmat\u00f3w) w celu odnowy i rozbudowy Ko\u015bcio\u0142a. Szczeg\u00f3ln\u0105 rol\u0119 przy wprowadzeniu powy\u017cszego zapisu odegra\u0142 kardyna\u0142 z Belgii ks. Leon J. Suenens.<\/p>\n<p>Pierwszym spektakularnym do\u015bwiadczeniem wylania Ducha \u015awi\u0119tego by\u0142y wydarzenia z marca 1967 r., w kt\u00f3rych uczestniczyli studenci i pracownicy naukowi Uniwersytetu Duquesne w Stanach Zjednoczonych. Od tego czasu Odnowa Charyzmatyczna ogarn\u0119\u0142a wszystkie kontynenty. Osoby, kt\u00f3rzy otrzyma\u0142y chrzest w Duchu \u015awi\u0119tym pozostali w wi\u0119kszo\u015bci w Ko\u015bciele katolickim. Tym sposobem powsta\u0142 ruch o charakterze ekumenicznym, gdy\u017c do\u015bwiadczenie wylania Ducha \u015awi\u0119tego znane jest ju\u017c milionom chrze\u015bcijan r\u00f3\u017cnych wyzna\u0144. Od czasu swych pocz\u0105tk\u00f3w ruch charyzmatyczny rozr\u00f3s\u0142 si\u0119, okrzep\u0142 i sta\u0142 si\u0119 zjawiskiem zaakceptowanym przez Ko\u015bci\u00f3\u0142 katolicki.<\/p>\n<h4>Jak rodzi\u0142a si\u0119 w Polsce<\/h4>\n<p>W latach 70. kilku polskich kap\u0142an\u00f3w zetkn\u0119\u0142o si\u0119 z Odnow\u0105 Charyzmatyczn\u0105 poza granicami naszego kraju. Do\u015bwiadczenie to postanowili oni przenie\u015b\u0107 na grunt polski. W 1976 r. zacz\u0119\u0142y powstawa\u0107 pierwsze grupy modlitewne. Dwadzie\u015bcia lat p\u00f3\u017aniej na czuwanie do Cz\u0119stochowy przyjecha\u0142o ok. 200 tysi\u0119cy sympatyk\u00f3w ruchu.<\/p>\n<p>Pierwsze zetkni\u0119cie si\u0119 z ruchem Odnowy prze\u017cy\u0142 ks. P\u0142onka z diecezji bielsko-\u017cywieckiej w 1975 r. W tym samym roku ks. Marian Pi\u0105tkowski z Poznania by\u0142 uczestnikiem kongresu charyzmatycznego w Rzymie, gdzie do\u015bwiadczy\u0142 chrztu w Duchu \u015awi\u0119tym i zapragn\u0105\u0142 tym do\u015bwiadczeniem dzieli\u0107 si\u0119 z innymi po powrocie do kraju. Ks. Bronis\u0142aw Dembowski (obecny biskup w\u0142oc\u0142awski) spotka\u0142 si\u0119 z ruchem charyzmatycznym w czasie studi\u00f3w w Stanach Zjednoczonych w 1976 r. Z jego inicjatywy powsta\u0142a grupa modlitewna w Warszawie. Do\u015bwiadczenie chrztu w Duchu \u015awi\u0119tym stawa\u0142o si\u0119 coraz powszechniejsze w kolejnych miastach Polski: w grupach Ruchu \u201e\u015awiat\u0142o-\u017bycie\u201d, w \u015brodowiskach studenckich i w konkretnych o\u015brodkach duszpasterskich. W ten spos\u00f3b powstawa\u0142y pierwsze grupy modlitewne pr\u00f3buj\u0105ce znale\u017a\u0107 swe miejsce w Ko\u015bciele.\u00a0<b>Obecnie w Polsce jest to jeden z najwi\u0119kszych ruch\u00f3w katolickich, licz\u0105cy kilkadziesi\u0105t tysi\u0119cy sta\u0142ych cz\u0142onk\u00f3w i ok. 200 tys. sympatyk\u00f3w<\/b>.<\/p>\n<h4>Co jest w niej szczeg\u00f3lnego<\/h4>\n<p><b>\u201eOdnowa w Duchu \u015awi\u0119tym w Ko\u015bciele katolickim, zwana tak\u017ce Katolick\u0105 Odnow\u0105 Charyzmatyczn\u0105, nie jest jednolitym ruchem o zasi\u0119gu \u015bwiatowym. W odr\u00f3\u017cnieniu od wi\u0119kszo\u015bci ruch\u00f3w nie ma jednego za\u0142o\u017cyciela, lub grupy za\u0142o\u017cycieli, nie ma te\u017c listy cz\u0142onk\u00f3w. Jest to wysoce zr\u00f3\u017cnicowany zesp\u00f3\u0142 jednostek i grup podejmuj\u0105cych r\u00f3\u017cne dzia\u0142ania, cz\u0119sto od siebie niezale\u017cne, na r\u00f3\u017cnym etapie rozwoju i o r\u00f3\u017cnorodnie roz\u0142o\u017conych akcentach. Te osoby i grupy \u0142\u0105czy to samo do\u015bwiadczenie. Stawiaj\u0105 sobie one r\u00f3wnie\u017c te same cele\u201d\u00a0<\/b>(fragment preambu\u0142y Statut\u00f3w Mi\u0119dzynarodowych S\u0142u\u017cb Katolickiej Odnowy Charyzmatycznej &#8211; ICCRS).<\/p>\n<p>Odnowa w Duchu \u015awi\u0119tym (nazywana te\u017c Odnow\u0105 Charyzmatyczn\u0105) pomaga odkry\u0107 wsp\u00f3\u0142czesnym chrze\u015bcijanom Boga, kt\u00f3ry nie jest tylko teoretycznym poj\u0119ciem, ale Kim\u015b bliskim. Wi\u0119kszo\u015b\u0107 cz\u0142onk\u00f3w ruchu charyzmatycznego to osoby, kt\u00f3re w pewnym momencie swojego \u017cycia zrozumia\u0142y, \u017ce ich dotychczasowe, czysto formalne chrze\u015bcija\u0144stwo, jest namiastk\u0105 \u017cycia w Bogu. To, co dotychczas budzi\u0142o ich niech\u0119\u0107 i znudzenie &#8211; modlitwa, lektura Pisma \u015awi\u0119tego, sakramenty &#8211; zaczyna\u0142o by\u0107 fascynuj\u0105c\u0105 przygod\u0105, \u201emotorem\u201d nap\u0119dzaj\u0105cym \u017cycie. Spotkania otwarte odbywaj\u0105 si\u0119 zwykle co tydzie\u0144. Jest w nich miejsce na \u017cyw\u0105, spontaniczn\u0105 modlitw\u0119 wsp\u00f3lnotow\u0105 (charakterystyczny element ruchu charyzmatycznego), rozmowy w ma\u0142ych grupach i katechez\u0119.<\/p>\n<p>Cz\u0142onkowie Odnowy w Duchu \u015awi\u0119tym nie ograniczaj\u0105 si\u0119 tylko do troski o w\u0142asny wzrost duchowy, ale prowadz\u0105 wiele akcji ewangelizacyjnych, m.in. na ulicach miast i w zak\u0142adach karnych, pomagaj\u0105 przygotowywa\u0107 m\u0142odzie\u017c do bierzmowania. Z Odnowy wywodzi si\u0119 wielu kleryk\u00f3w i katechet\u00f3w. Celem Odnowy nie jest stworzenie ujednoliconego ruchu o \u015bcis\u0142ej strukturze, ale uwra\u017cliwienie ka\u017cdego chrze\u015bcijanina i wsp\u00f3lnoty na dary duchowe (charyzmaty), kt\u00f3rych B\u00f3g udziela ka\u017cdemu inaczej. Powsta\u0142a jednak struktura, dzi\u0119ki kt\u00f3rej wsp\u00f3lnoty mog\u0105 wymienia\u0107 mi\u0119dzy sob\u0105 do\u015bwiadczenia, organizowa\u0107 og\u00f3lnopolskie akcje, prowadzi\u0107 domy rekolekcyjne i utrzymywa\u0107 kontakty z ruchem charyzmatycznym na \u015bwiecie.<\/p>\n<p>W wi\u0119kszo\u015bci polskich diecezji dzia\u0142a po dw\u00f3ch koordynator\u00f3w Odnowy: jeden wyznaczony przez biskupa kap\u0142an i jedna osoba \u015bwiecka, wybierana przez lider\u00f3w wsp\u00f3lnot istniej\u0105cych na terenie diecezji. Natomiast obszar ca\u0142ej Polski obejmuje swym dzia\u0142aniem Krajowy Zesp\u00f3\u0142 Koordynator\u00f3w. W jego sk\u0142ad wchodz\u0105 koordynatorzy diecezjalni (duchowni i \u015bwieccy), przedstawiciele zwi\u0105zanych z Odnow\u0105 dzie\u0142 (np. wydawnictwa, czasopisma) oraz inne powo\u0142ane do tego grona osoby.<\/p>\n<h4>Czuwa\u0107 znaczy by\u0107 obecnym<\/h4>\n<p>W 1983 r. w jasnog\u00f3rskiej bazylice odby\u0142 si\u0119 I Kongres Odnowy w Duchu \u015awi\u0119tym. Dziesi\u0119\u0107 lat p\u00f3\u017aniej na spotkanie ruchu charyzmatycznego przyby\u0142o prawie 30 razy wi\u0119cej uczestnik\u00f3w. Od roku 1986 Odnowa spotyka si\u0119 najcz\u0119\u015bciej na wa\u0142ach klasztoru w Cz\u0119stochowie, a co 5 lat odbywaj\u0105 si\u0119 kongresy Ruchu. Go\u015b\u0107mi czuwa\u0144 i kongres\u00f3w s\u0105 znani hierarchowie, kaznodzieje i ewangelizatorzy, zwi\u0105zani z Odnow\u0105. W gronie tym znale\u017ali si\u0119 ju\u017c m.in. kard. Leo Suenens, o. Robert Faricy SJ, Philippe Madre, s. Briege McKenna OSC, o. Joseph Marie Verlinde, o. Daniel Ange, o. Raniero Cantalamessa OFMCap. oraz Nicol Baldacchino.<\/p>\n<h4>Nasi odpowiedzialni &#8211; Krajowy Zesp\u00f3\u0142 Koordynator\u00f3w (KZK)<\/h4>\n<p>KZK nie sprawuje w\u0142adzy w Odnowie w Duchu \u015awi\u0119tym, jest natomiast znakiem jedno\u015bci polskich wsp\u00f3lnot.<b>\u00a0<\/b>Zesp\u00f3\u0142 zbiera informacje dotycz\u0105ce Odnowy, jest forum wymiany do\u015bwiadcze\u0144, koordynuje og\u00f3lnopolskie inicjatywy Odnowy w Duchu \u015awi\u0119tym, utrzymuje kontakty z Odnow\u0105 w innych krajach i z Mi\u0119dzynarodowymi S\u0142u\u017cbami Katolickiej Odnowy Charyzmatycznej (ICCRS), deleguje te\u017c swych przedstawicieli na mi\u0119dzynarodowe spotkania ruchu charyzmatycznego. W sk\u0142ad Krajowego Zespo\u0142u Koordynator\u00f3w wchodzi dw\u00f3ch koordynator\u00f3w Odnowy z ka\u017cdej diecezji (mianowany przez biskupa kap\u0142an oraz wybrany \u015bwiecki), a tak\u017ce przedstawiciele dzie\u0142 Odnowy takich m.in. jak wydawnictwa i czasopisma. Na czele Zespo\u0142u stoi przewodnicz\u0105cy (obecnie ks. Wojciech Nowacki) i wiceprzewodnicz\u0105cy (Ma\u0142gorzata Stu\u0142a &#8211; Topolska), a organem wykonawczym jest kilkuosobowa Rada. Cz\u0142onkowie KZK spotykaj\u0105 si\u0119 zazwyczaj 2-3 razy w roku, spotkaniom przewodniczy krajowy duszpasterz Odnowy bp Bronis\u0142aw Dembowski. Wsp\u00f3lnoty Odnowy w Duchu \u015awi\u0119tym dzia\u0142aj\u0105 niezale\u017cnie, podlegaj\u0105c w sensie prawnym biskupowi miejsca. Jednak ju\u017c od pocz\u0105tk\u00f3w ruchu charyzmatycznego w Polsce cz\u0142onkowie grup podejmowali pr\u00f3by og\u00f3lnopolskiej wsp\u00f3\u0142pracy. W lutym 1977 r. i kwietniu 1979 r. mia\u0142y miejsce pierwsze spotkania przedstawicieli wsp\u00f3lnot. Z czasem powsta\u0142 zesp\u00f3\u0142 koordynator\u00f3w, kt\u00f3ry pocz\u0105tkowo mia\u0142 charakter nieformalny; jego cz\u0142onkami byli przedstawiciele rejon\u00f3w Odnowy, skupiaj\u0105cych kilka diecezji. Po zatwierdzeniu 15 wrze\u015bnia 1993 statut\u00f3w Mi\u0119dzynarodowych S\u0142u\u017cb Katolickiej Odnowy Charyzmatycznej (ICCRS), Krajowy Zesp\u00f3\u0142 Koordynator\u00f3w stworzy\u0142 wzorowany na ICCRS statut. Dokument czeka na zatwierdzenie przez Episkopat Polski.<\/p>\n<h4>Komisja Teologiczna \u2014 stra\u017c czysto\u015bci wiary<\/h4>\n<p>Od 1997 r. przy Krajowym Zespole Koordynator\u00f3w dzia\u0142a Komisja Teologiczna. Jej zadaniem jest troska o wierno\u015b\u0107 Odnowy oficjalnej nauce Ko\u015bcio\u0142a. Komisja w swoich dokumentach rozstrzyga pojawiaj\u0105ce si\u0119 w Odnowie teologiczne w\u0105tpliwo\u015bci, poleca te\u017c warto\u015bciowe materia\u0142y formacyjne. Koordynatorom zale\u017ca\u0142o na tym, by formacja w grupach odzwierciedla\u0142a rzeczywist\u0105 wiar\u0119 Ko\u015bcio\u0142a, a nie czyje\u015b indywidualne przekonania, czy zapo\u017cyczenia niekatolickie. Sk\u0142ad: ks. Roman Pindel &#8211; biblista z Krakowa, ks. Miros\u0142aw Cholewa &#8211; dogmatyk i ojciec duchowny AWSD w Warszawie, ks. Miros\u0142aw Nowosielski &#8211; psycholog i wychowawca WSD w \u0141owiczu, ks. J\u00f3zef G\u00f3rzy\u0144ski &#8211; liturgista z Warszawy oraz ks. Wojciech Nowacki &#8211; dogmatyk z \u0141om\u017cy, kt\u00f3ry zosta\u0142 jej przewodnicz\u0105cym.<\/p>\n<h4>Jak owocujemy, czyli czym s\u0142u\u017cymy<\/h4>\n<p><b>Rekolekcje dla kap\u0142an\u00f3w<\/b>, kt\u00f3re co roku gromadz\u0105 ponad setk\u0119 uczestnik\u00f3w z ca\u0142ej Polski.<\/p>\n<p><b>Forum Charyzmatyczne<\/b>\u00a0organizowane co dwa lata od roku 1991 przez \u0142\u00f3dzki O\u015brodek Odnowy w Duchu \u015awi\u0119tym. Porusza\u0142o ono kolejno tematy ewangelizacji, wsp\u00f3lnoty i rozeznania duchowego oraz obecno\u015bci Maryi w Odnowie.<\/p>\n<p>&#8211; Przyjazd do Polski w lipcu 1996 r. o. Emiliena Tardifa z Jose Prado Floresa. Odprawiane przez o. Tardifa\u00a0<b>Msze \u015bw. o uzdrowienie<\/b>\u00a0w Gorzowie Wlkp. i w \u0141odzi zgromadzi\u0142y odpowiednio 60 tysi\u0119cy i 300 tysi\u0119cy os\u00f3b, spo\u015br\u00f3d kt\u00f3rych wielu dozna\u0142o uzdrowie\u0144 wewn\u0119trznych i fizycznych.<\/p>\n<p>&#8211; Od 1998 w S\u0142upcy k. Konina odbywaj\u0105 si\u0119\u00a0<b>Kongresy M\u0142odych Charyzmatyk\u00f3w,<\/b>\u00a0jedyne og\u00f3lnopolskie spotkania adresowane do tej grupy wiekowej, gromadz\u0105ce co roku kilkaset os\u00f3b z ca\u0142ego kraju.<\/p>\n<p><a href=\"http:\/\/www.odnowa.domchleba.com\/wp-content\/uploads\/2013\/11\/odnowa.jpg\"><img decoding=\"async\" loading=\"lazy\" class=\"alignnone size-full wp-image-47\" alt=\"odnowa\" src=\"http:\/\/www.odnowa.domchleba.com\/wp-content\/uploads\/2013\/11\/odnowa.jpg\" width=\"290\" height=\"174\" \/><\/a><\/p>\n<p>&nbsp;<\/p>\n<span class=\"vvqbox vvqyoutube\" style=\"width:425px;height:344px;\"><span id=\"vvq-52-youtube-1\"><a href=\"http:\/\/www.youtube.com\/watch?v=rRZsaiDEJG4\"><img src=\"http:\/\/img.youtube.com\/vi\/rRZsaiDEJG4\/0.jpg\" alt=\"YouTube Preview Image\" \/><\/a><\/span><\/span>\n","protected":false},"excerpt":{"rendered":"<p>Jak powstawa\u0142a&#8230; Na pocz\u0105tku XX w. w ko\u015bcio\u0142ach protestanckich da\u0142o si\u0119 zauwa\u017cy\u0107 charyzmatyczne o\u017cywienie, kt\u00f3re\u00a0w latach 60. zaowocowa\u0142o powstaniem w&hellip;<\/p>\n","protected":false},"author":1,"featured_media":0,"parent":0,"menu_order":0,"comment_status":"open","ping_status":"open","template":"","meta":[],"_links":{"self":[{"href":"http:\/\/www.odnowa.domchleba.com\/index.php?rest_route=\/wp\/v2\/pages\/52"}],"collection":[{"href":"http:\/\/www.odnowa.domchleba.com\/index.php?rest_route=\/wp\/v2\/pages"}],"about":[{"href":"http:\/\/www.odnowa.domchleba.com\/index.php?rest_route=\/wp\/v2\/types\/page"}],"author":[{"embeddable":true,"href":"http:\/\/www.odnowa.domchleba.com\/index.php?rest_route=\/wp\/v2\/users\/1"}],"replies":[{"embeddable":true,"href":"http:\/\/www.odnowa.domchleba.com\/index.php?rest_route=%2Fwp%2Fv2%2Fcomments&post=52"}],"version-history":[{"count":5,"href":"http:\/\/www.odnowa.domchleba.com\/index.php?rest_route=\/wp\/v2\/pages\/52\/revisions"}],"predecessor-version":[{"id":155,"href":"http:\/\/www.odnowa.domchleba.com\/index.php?rest_route=\/wp\/v2\/pages\/52\/revisions\/155"}],"wp:attachment":[{"href":"http:\/\/www.odnowa.domchleba.com\/index.php?rest_route=%2Fwp%2Fv2%2Fmedia&parent=52"}],"curies":[{"name":"wp","href":"https:\/\/api.w.org\/{rel}","templated":true}]}}