{"id":299,"date":"2014-01-13T18:54:32","date_gmt":"2014-01-13T17:54:32","guid":{"rendered":"http:\/\/www.odnowa.domchleba.com\/?page_id=299"},"modified":"2014-01-13T18:54:32","modified_gmt":"2014-01-13T17:54:32","slug":"modlitwy-dla-kobiet","status":"publish","type":"page","link":"http:\/\/www.odnowa.domchleba.com\/?page_id=299","title":{"rendered":"Modlitwy dla kobiet."},"content":{"rendered":"<h3><a href=\"http:\/\/www.odnowa.domchleba.com\/wp-content\/uploads\/2014\/01\/kr\u00f3lowa-rodzin.jpg\"><img decoding=\"async\" loading=\"lazy\" class=\"alignnone size-full wp-image-300\" alt=\"kr\u00f3lowa rodzin\" src=\"http:\/\/www.odnowa.domchleba.com\/wp-content\/uploads\/2014\/01\/kr\u00f3lowa-rodzin.jpg\" width=\"188\" height=\"268\" \/><\/a><\/h3>\n<h3><strong style=\"font-size: 13px;\">\u00a0Modlitwa o rozeznanie drogi \u017cyciowej<\/strong><\/h3>\n<div>Panie Jezu Chryste,<\/div>\n<div>o\u015bwie\u0107 mnie, prosz\u0119,<\/div>\n<div>\u015bwiat\u0142em Twojego Ducha,<\/div>\n<div>abym w\u0142a\u015bciwie odczyta\u0142 drog\u0119,<\/div>\n<div>kt\u00f3r\u0105 chcesz mnie prowadzi\u0107.<\/div>\n<div>Daj mi jasno\u015b\u0107 nie tylko umys\u0142u,<\/div>\n<div>ale przede wszystkim serca,<\/div>\n<div>dla rozpoznania tego,<\/div>\n<div>kim jestem, kim mam by\u0107 i co mam robi\u0107,<\/div>\n<div>aby jak najlepiej zrealizowa\u0107 Tw\u00f3j plan wobec mnie.<\/div>\n<div>Udziel mi tak\u017ce si\u0142y<\/div>\n<div>do wytrwa\u0142ego kroczenia za Tob\u0105<\/div>\n<div>drog\u0105 mojego \u017cyciowego powo\u0142ania.<\/div>\n<div>Amen<\/div>\n<div><\/div>\n<div><strong>Modlitwa o dobrego m\u0119\u017ca<\/strong><\/div>\n<div>\n<p>\u015aw. J\u00f3zefie, M\u0119\u017cu najlepszy dla swojej s\u0142u\u017cebnicy<br \/>\nMaryi, je\u015bli jest wol\u0105 Bo\u017c\u0105, abym wysz\u0142a za m\u0105\u017c,<br \/>\nto ju\u017c \u017cyje gdzie\u015b cz\u0142owiek, kt\u00f3ry ma by\u0107 moim m\u0119\u017cem<br \/>\ni kt\u00f3remu b\u0119d\u0119 \u015blubowa\u0142a przed o\u0142tarzem Boga wiar\u0119,<br \/>\nmi\u0142o\u015b\u0107 ma\u0142\u017ce\u0144sk\u0105 oraz to, \u017ce nie opuszcz\u0119 go<br \/>\na\u017c do \u015bmierci.<\/p>\n<p>\u015aw. J\u00f3zefie, G\u0142owo \u015awi\u0119tej Rodziny,<br \/>\notocz tego cz\u0142owieka przeznaczonego przez<br \/>\nBoga dla mnie Swoj\u0105 opiek\u0105.<\/p>\n<p>Niech on pozostanie czysty i opanowany i szlachetny,<br \/>\nniech rozwija w sobie te wszystkie przymioty,<br \/>\nkt\u00f3re s\u0105 potrzebne aby by\u0107 dobrym m\u0119\u017cem,<br \/>\ndobrym ojcem i dobr\u0105 g\u0142ow\u0105 rodziny, kt\u00f3r\u0105<br \/>\nza\u0142o\u017cymy z woli Boga Ojca.<\/p>\n<p>\u015aw. J\u00f3zefie Czysty Str\u00f3\u017cu Dziewicy zachowaj tak\u017ce i mnie,<br \/>\ndla tego kt\u00f3ry ma by\u0107 moim m\u0119\u017cem, ojcem moich dzieci.<br \/>\nNiech pozostan\u0119 czyst\u0105 i szlachetn\u0105,<br \/>\nniech rozwijam w sobie wszystkie przymioty,<br \/>\nkt\u00f3re s\u0105 potrzebne aby by\u0107 dobr\u0105 \u017con\u0105, matk\u0105,<br \/>\ndobrym sercem rodziny, kt\u00f3r\u0105 za\u0142o\u017cymy z woli Boga Ojca.<\/p>\n<p>\u015aw. J\u00f3zefie ozdobo \u017cycia rodzinnego zasiewaj<br \/>\ndobre ziarno w nasze dusze, aby\u015bmy nie zmarnowali<br \/>\nwielkiego daru narzecze\u0144stwa.<br \/>\nWzmocnij nas, by nasz przysz\u0142y dom,<br \/>\nby\u0142 jak \u015awi\u0119ta Rodzina, kt\u00f3rej \u017cywicielem,<br \/>\ng\u0142ow\u0105, ozdob\u0105, str\u00f3\u017cem, podpor\u0105 by\u0142e\u015b<br \/>\nTy \u015aw. J\u00f3zefie.<br \/>\nAmen<\/p>\n<p><strong>Modlitwa za mojego narzeczonego<\/strong><\/p>\n<p>Panie Jezu, postawi\u0142e\u015b na mej drodze cz\u0142owieka, kt\u00f3remu pragn\u0119 odda\u0107 moje serce i z kt\u00f3rym chc\u0119 na zawsze zwi\u0105za\u0107 moje \u017cycie. Czuwaj nad tym kochanym. Bro\u0144 go od niebezpiecze\u0144stw. Spraw, aby w Tobie osi\u0105gn\u0105\u0142 swoj\u0105 \u017cyciow\u0105 dojrza\u0142o\u015b\u0107. Uczy\u0144 go prawym, m\u0105drym i dobrym. Daj mu serce m\u0119\u017cne, aby nie obawia\u0142 si\u0119 trudno\u015bci, lecz prze\u0142amywa\u0142 je w Twoje Imi\u0119. Daj mu si\u0142\u0119, aby mia\u0142 siln\u0105 wol\u0119, potrafi\u0142 panowa\u0107 nas sob\u0105 i dobrze s\u0142u\u017cy\u0107 rodzinie. Uformuj w nim postaw\u0119 ojcowsk\u0105, \u017ceby znalaz\u0142 szcz\u0119\u015bcie w obdarowywaniu swoich najbli\u017cszych, \u017ceby nie szuka\u0142 siebie, ale opiekowa\u0142 si\u0119 tymi, kt\u00f3rych mu powierzysz. Uczy\u0144 go narz\u0119dziem Twojej Opatrzno\u015bci. Niech tak jak Ty opiekuje si\u0119 s\u0142abymi i bezbronnymi. Niech odwa\u017cnie staje w obronie ka\u017cdego pocz\u0119tego \u017cycia. Niech mnie i nasze dzieci prowadzi do Ciebie drog\u0105 pi\u0119knej mi\u0142o\u015bci.<\/p>\n<div>\n<p>\u015awi\u0119ty J\u00f3zefie, Patronie m\u0119\u017cczyzn! Bro\u0144 mego ch\u0142opca od pokus fa\u0142szywej m\u0119sko\u015bci. Naucz go opanowywa\u0107 zmys\u0142owo\u015b\u0107 i podporz\u0105dkowa\u0107 cia\u0142o s\u0142u\u017cbie prawdziwej mi\u0142o\u015bci. Naucz go kocha\u0107 mi\u0142o\u015bci\u0105 czerpan\u0105 z Boga. Chro\u0144 mego mi\u0142ego przed alkoholizmem. Spraw, bym si\u0119 mog\u0142a bezpiecznie oprze\u0107 na moim wybranym. Naucz go obowi\u0105zkowo\u015bci i troski o zak\u0142adany dom. Niech tak jak Ty b\u0119dzie jego opiekunem. Niech b\u0119dzie mu ze mn\u0105 dobrze. Spraw, aby mi by\u0142 wierny, \u017ceby si\u0119 potrafi\u0142 oprze\u0107 pokusie niewierno\u015bci i dotrzyma\u0142 swoich przyrzecze\u0144. B\u0105d\u017a mu pomoc\u0105 i wspieraj go w ka\u017cdej potrzebie.<\/p>\n<p>&nbsp;<\/p>\n<h2>MODLITWA DO \u015aW. ANNY ZA M\u0118\u017bA<\/h2>\n<div>\n<p>\u00a0\u015awi\u0119ta Anno, kt\u00f3ra\u015b z twoim bogobojnym m\u0119\u017cem Joachimem w ci\u0105g\u0142ej mi\u0142o\u015bci i zgodzie \u017cy\u0142a otrzymuj\u0105c od niego tyle pobudki do cnoty, upro\u015b mojemu ma\u0142\u017conkowi (lub: mojej ma\u0142\u017conce), kt\u00f3rego (\u0105) z serca kocham i szanuj\u0119, t\u0119 \u0142ask\u0119, a\u017ceby mnie s\u0142owami i przyk\u0142adami do dobrego pobudza\u0142 (a) i prowadzi\u0142 (a), a moje b\u0142\u0119dy i s\u0142abo\u015bci cierpliwie znosi\u0142 (a), a\u017ceby\u015bmy obojga w mi\u0142o\u015bci i zgodzie nasze powinno\u015bci wiernie wykonuj\u0105c, Bogu na chwa\u0142\u0119 a wsp\u00f3\u0142braciom na zbudowanie pobo\u017cne i chrze\u015bcija\u0144skie \u017cycie prowadzi\u0107 mogli. Oddalaj przez twoj\u0105 przyczyn\u0119 od nas wszystko, coby mi\u0142o\u015b\u0107 os\u0142abia\u0107 i wzajemnemu zbudowaniu przeszkadza\u0107 mog\u0142o. Spraw, aby\u015bmy zawsze teraz z sob\u0105 po chrze\u015bcija\u0144sku \u017cyli, a\u017ceby\u015bmy raz tak\u017ce wsp\u00f3lnie do ciebie i wszystkich \u015awi\u0119tych w niebo przyj\u015b\u0107 mogli. Amen.<\/p>\n<h3 itemprop=\"name\">Modlitwa ma\u0142\u017conki<\/h3>\n<div><\/div>\n<div itemprop=\"description articleBody\">\n<div>O \u015bwi\u0119ta Rito, ty b\u0119d\u0105c pos\u0142uszna ro\u00addzicom zgodzi\u0142a\u015b si\u0119 na stan ma\u0142\u017ce\u0144ski\u00a0i sta\u0142a\u015b si\u0119 prawdziwym wzorem ma\u0142\u017con\u00adki chrze\u015bcija\u0144skiej. Oto staj\u0119 przed tob\u0105. by otworzy\u0107 me serce, kt\u00f3re potrzebuje\u00a0pomocy Boga i twojej opieki.<\/div>\n<div>Ty, kt\u00f3ra\u015b przez wiele lat cierpia\u0142a nie-zas\u0142u\u017cenie w \u017cyciu ma\u0142\u017ce\u0144skim, upro\u015b\u00a0dla mnie u Pana potrzebn\u0105 mi si\u0142\u0119, abym\u00a0mog\u0142a by\u0107 wierna Bogu i mojemu m\u0119\u017co\u00adwi. Zaopiekuj si\u0119 nami, u\u015bwi\u0119caj nasz\u0105\u00a0prac\u0119, b\u0142ogos\u0142aw ka\u017cdy nasz zamiar, aby\u00a0wszystko by\u0142o na chwa\u0142\u0119 Boga i dla na\u00adszego dobra.<\/div>\n<div>Niech nic nigdy nie niszczy naszej zgo\u00addy. Niech dom nasz b\u0119dzie obdarzany po\u00admy\u015blno\u015bci\u0105, \u015bwi\u0119ta Rito, niech go strzeg\u0105 anio\u0142owie pokoju, niech nie b\u0119dzie w nim nieporozumie\u0144, lecz niech kr\u00f3luje mi\u0142o\u015b\u0107;\u00a0ta mi\u0142o\u015b\u0107, kt\u00f3ra \u0142\u0105czy dwa serca, kt\u00f3ra\u00a0wi\u0105\u017ce dwie dusze zbawione przez Krew\u00a0Chrystusa.<\/div>\n<div>Przedstaw Panu t\u0119 modlitw\u0119, o \u015bwi\u0119ta\u00a0Rito, i spraw, aby\u015bmy, ja i m\u00f3j ma\u017c pew\u00adnego dnia mogli chwali\u0107 Boga w niebie.\u00a0Amen.<\/div>\n<div><i>Ojcze nasz&#8230;\u00a0\u00a0Zdrowa\u015b Maryjo&#8230;\u00a0<\/i><i>Chwa\u0142a Ojcu&#8230;<\/i><\/div>\n<div><\/div>\n<div><strong>Modlitwa za ma\u0142\u017conk\u00f3w za wstawiennictwem \u015bw. Rity<\/strong><\/div>\n<div><\/div>\n<div>Bo\u017ce, Ty obdarzy\u0142e\u015b \u015bwi\u0119t\u0105 Ann\u0119 godno\u015bci\u0105 matki Naj\u015bwi\u0119tszej Maryi Panny, Matki Zbawiciela naszego. Spraw, aby\u015bmy za jej przyk\u0142adem, z rado\u015bci\u0105 witali ka\u017cde pocz\u0119te \u017cycie i sumiennie wype\u0142niali nasze obowi\u0105zki rodzicielskie. Tobie, \u015bwi\u0119ta Anno, polecamy opiek\u0119 nad naszymi rodzicami, domami i wszystkim, co posiadamy. Oddalaj od nas wszelkie niebezpiecze\u0144stwa, aby\u015bmy bez trwogi, ufni w Twoje wstawiennictwo, mogli w pokoju wykonywa\u0107 obowi\u0105zki naszego stanu, Bogu z rado\u015bci\u0105 s\u0142u\u017cy\u0107 i dost\u0105pi\u0107 zbawienia wiecznego. Przez Chrystusa, Pana naszego. Amen.<\/div>\n<div>\n<p><b>PRO\u015aBA O MACIERZY\u0143STWO<\/b><\/p>\n<p>Dobry \u015bwi\u0119ty Gerardzie, pot\u0119\u017cny or\u0119downiku przed Tronem Bo\u017cym, ty, kt\u00f3ry dokonujesz wspania\u0142ych rzeczy za naszych dni, wo\u0142am do Ciebie i prosz\u0119 o pomoc.\u00a0Ty, kiedy \u017cy\u0142e\u015b na ziemi, zawsze wype\u0142nia\u0142e\u015b plany Bo\u017ce.\u00a0Pom\u00f3\u017c mi, abym ja tak\u017ce zawsze wype\u0142nia\u0142a \u015bwi\u0119t\u0105 wol\u0119 naszego Pana.\u00a0Pro\u015b Pana \u017bycia, od kt\u00f3rego pochodzi wszelkie \u017cycie, aby mnie pob\u0142ogos\u0142awi\u0142 \u0142ask\u0105 macierzy\u0144stwa i abym mog\u0142a wychowa\u0107 dzieci Bo\u017ce w tym \u017cyciu i dziedzic\u00f3w Kr\u00f3lestwa Jego chwa\u0142y w \u017cyciu przysz\u0142ym.Amen.<\/p>\n<p><strong>MODLITWA MATKI W STANIE B\u0141OGOS\u0141AWIONYM <\/strong><\/p>\n<p>\u015awi\u0119ty Gerardzie, umi\u0142owany s\u0142ugo Jezusa Chrystusa, doskona\u0142y na\u015bladowco<br \/>\npokornego Zbawiciela i wielbicielu Syna Matki Bo\u017cej, rozpal w moim sercu ogie\u0144<br \/>\nBo\u017cej mi\u0142o\u015bci, jaki p\u0142on\u0105\u0142 w twoim sercu i uczyni\u0142 z ciebie anio\u0142a mi\u0142o\u015bci.<br \/>\nChwalebny \u015bwi\u0119ty Gerardzie, ty zosta\u0142e\u015b wyniesiony przez Boga na patrona i<br \/>\nopiekuna matek w stanie b\u0142ogos\u0142awionym. Wybaw mnie od wszelkich<br \/>\nniebezpiecze\u0144stw, wspieraj w trudnych chwilach i upro\u015b szcz\u0119\u015bliwe rozwi\u0105zanie.<br \/>\nChro\u0144 dziecko, kt\u00f3re teraz nosz\u0119 pod sercem, aby mog\u0142o ujrze\u0107 \u015bwiat\u0142o dnia i<br \/>\notrzyma\u0107 \u0142ask\u0119 chrztu \u015bwi\u0119tego.<br \/>\n\u015awi\u0119ty Gerardzie, wierz\u0119 w twoj\u0105 pomoc i z nadziej\u0105 powierzam si\u0119 twojemu<br \/>\nor\u0119downictwu. Amen.<\/p>\n<p>cdn.<\/p>\n<\/div>\n<\/div>\n<\/div>\n<\/div>\n<\/div>\n","protected":false},"excerpt":{"rendered":"<p>\u00a0Modlitwa o rozeznanie drogi \u017cyciowej Panie Jezu Chryste, o\u015bwie\u0107 mnie, prosz\u0119, \u015bwiat\u0142em Twojego Ducha, abym w\u0142a\u015bciwie odczyta\u0142 drog\u0119, kt\u00f3r\u0105 chcesz&hellip;<\/p>\n","protected":false},"author":1,"featured_media":0,"parent":0,"menu_order":0,"comment_status":"open","ping_status":"open","template":"","meta":[],"_links":{"self":[{"href":"http:\/\/www.odnowa.domchleba.com\/index.php?rest_route=\/wp\/v2\/pages\/299"}],"collection":[{"href":"http:\/\/www.odnowa.domchleba.com\/index.php?rest_route=\/wp\/v2\/pages"}],"about":[{"href":"http:\/\/www.odnowa.domchleba.com\/index.php?rest_route=\/wp\/v2\/types\/page"}],"author":[{"embeddable":true,"href":"http:\/\/www.odnowa.domchleba.com\/index.php?rest_route=\/wp\/v2\/users\/1"}],"replies":[{"embeddable":true,"href":"http:\/\/www.odnowa.domchleba.com\/index.php?rest_route=%2Fwp%2Fv2%2Fcomments&post=299"}],"version-history":[{"count":1,"href":"http:\/\/www.odnowa.domchleba.com\/index.php?rest_route=\/wp\/v2\/pages\/299\/revisions"}],"predecessor-version":[{"id":302,"href":"http:\/\/www.odnowa.domchleba.com\/index.php?rest_route=\/wp\/v2\/pages\/299\/revisions\/302"}],"wp:attachment":[{"href":"http:\/\/www.odnowa.domchleba.com\/index.php?rest_route=%2Fwp%2Fv2%2Fmedia&parent=299"}],"curies":[{"name":"wp","href":"https:\/\/api.w.org\/{rel}","templated":true}]}}