{"id":203,"date":"2013-12-04T19:44:19","date_gmt":"2013-12-04T18:44:19","guid":{"rendered":"http:\/\/www.odnowa.domchleba.com\/?page_id=203"},"modified":"2014-08-14T10:11:11","modified_gmt":"2014-08-14T08:11:11","slug":"swiadectwa","status":"publish","type":"page","link":"http:\/\/www.odnowa.domchleba.com\/?page_id=203","title":{"rendered":"\u015awiadectwa"},"content":{"rendered":"<p><strong>Dni Skupienia dla ma\u0142\u017ce\u0144stw.<\/strong><\/p>\n<p>W dniach skupienia bra\u0142em udzia\u0142 wraz zon\u0105 po raz pierwszy. Na pocz\u0105tku wydawa\u0142o mi si\u0119, \u017ce przecie\u017c ja z \u017con\u0105 znamy si\u0119 jak &#8220;stare konie&#8221; jeste\u015bmy ma\u0142\u017ce\u0144stwem prawie od 20 lat, mamy dorastaj\u0105ce dzieci. Czego mo\u017cemy si\u0119 dowiedzie\u0107 wi\u0119cej o sobie? A jednak konferencja, modlitwa, \u00a0eucharystia, \u00a0moc Ducha \u015bwi\u0119tego pokaza\u0142y \u017ce mamy w sobie na wzajem wiele do odkrycia i poprawienia. Podczas \u0107wicze\u0144 w parach, wracaj\u0105c do naszej przesz\u0142o\u015bci, czasu narzecze\u0144stwa, pierwszych kilku lat w ma\u0142\u017ce\u0144stwie u\u015bwiadomi\u0142em sobie jak \u017cona jest dla mnie bardzo wa\u017cna. Jak wa\u017cne s\u0105 dla mnie (dla nas) nasze dzieci. Refleksje kt\u00f3re przychodzi\u0142y budzi\u0142y w nas rado\u015b\u0107 i \u015bmiech ale te\u017c moment wzrusze\u0144&#8230; Czy znam swoja \u017con\u0119? my\u015bl\u0119 \u017ce ca\u0142y czas j\u0105 odkrywam, poprzez to \u017ce , staram si\u0119 wyrzeka\u0107 siebie w\u0142a\u015bnie dla niej. To co jest najwa\u017cniejsze to \u0142aska Pana Boga, kt\u00f3ra jestem przekonany pozwoli\u0142a mi na przypomnienie o pewnych podstawowych sprawach. To \u00a0MI\u0141O\u015a\u0106 do Boga Ojca i do mojej \u017cony, nakaza\u0142a mi by\u0107 na tym spotkaniu aby uczy\u0107 si\u0119 siebie nawzajem. Zako\u0144czy\u0107 chcia\u0142em fragmentem listu do Rodzin Jana Paw\u0142a II &#8220;Mi\u0142o\u015b\u0107 ma\u0142\u017ce\u0144ska i rodzicielska posiada wszak\u017ce r\u00f3wnie\u017c zdolno\u015bci leczenia tych ran(&#8230;.) Zdolno\u015b\u0107 ta zwi\u0105zana jest z Bo\u017c\u0105 \u0142ask\u0105 przebaczenia i pojednania, kt\u00f3ra daje duchow\u0105 moc rozpoczynania wci\u0105\u017c na nowo.&#8221;<\/p>\n<p>Tadeusz<\/p>\n<p>&nbsp;<\/p>\n","protected":false},"excerpt":{"rendered":"<p>Dni Skupienia dla ma\u0142\u017ce\u0144stw. W dniach skupienia bra\u0142em udzia\u0142 wraz zon\u0105 po raz pierwszy. Na pocz\u0105tku wydawa\u0142o mi si\u0119, \u017ce&hellip;<\/p>\n","protected":false},"author":1,"featured_media":0,"parent":0,"menu_order":0,"comment_status":"open","ping_status":"open","template":"","meta":[],"_links":{"self":[{"href":"http:\/\/www.odnowa.domchleba.com\/index.php?rest_route=\/wp\/v2\/pages\/203"}],"collection":[{"href":"http:\/\/www.odnowa.domchleba.com\/index.php?rest_route=\/wp\/v2\/pages"}],"about":[{"href":"http:\/\/www.odnowa.domchleba.com\/index.php?rest_route=\/wp\/v2\/types\/page"}],"author":[{"embeddable":true,"href":"http:\/\/www.odnowa.domchleba.com\/index.php?rest_route=\/wp\/v2\/users\/1"}],"replies":[{"embeddable":true,"href":"http:\/\/www.odnowa.domchleba.com\/index.php?rest_route=%2Fwp%2Fv2%2Fcomments&post=203"}],"version-history":[{"count":9,"href":"http:\/\/www.odnowa.domchleba.com\/index.php?rest_route=\/wp\/v2\/pages\/203\/revisions"}],"predecessor-version":[{"id":632,"href":"http:\/\/www.odnowa.domchleba.com\/index.php?rest_route=\/wp\/v2\/pages\/203\/revisions\/632"}],"wp:attachment":[{"href":"http:\/\/www.odnowa.domchleba.com\/index.php?rest_route=%2Fwp%2Fv2%2Fmedia&parent=203"}],"curies":[{"name":"wp","href":"https:\/\/api.w.org\/{rel}","templated":true}]}}