{"id":151,"date":"2013-11-25T09:47:49","date_gmt":"2013-11-25T08:47:49","guid":{"rendered":"http:\/\/www.odnowa.domchleba.com\/?page_id=151"},"modified":"2013-11-25T09:47:49","modified_gmt":"2013-11-25T08:47:49","slug":"nowe-zycie","status":"publish","type":"page","link":"http:\/\/www.odnowa.domchleba.com\/?page_id=151","title":{"rendered":"Nowe \u017cycie&#8230;.."},"content":{"rendered":"<p><strong>Narodziny dziecka<\/strong><\/p>\n<span class=\"vvqbox vvqyoutube\" style=\"width:425px;height:344px;\"><span id=\"vvq-151-youtube-1\"><a href=\"http:\/\/www.youtube.com\/watch?v=xCOXS1vX1EU\"><img src=\"http:\/\/img.youtube.com\/vi\/xCOXS1vX1EU\/0.jpg\" alt=\"YouTube Preview Image\" \/><\/a><\/span><\/span>\n<span class=\"vvqbox vvqyoutube\" style=\"width:425px;height:344px;\"><span id=\"vvq-151-youtube-2\"><a href=\"http:\/\/www.youtube.com\/watch?v=vxXHiz3RTsA\"><img src=\"http:\/\/img.youtube.com\/vi\/vxXHiz3RTsA\/0.jpg\" alt=\"YouTube Preview Image\" \/><\/a><\/span><\/span>\n<p><strong>Aborcja<\/strong><\/p>\n<p><strong>Ju\u017c tyle razy ten temat by\u0142 podejmowany na \u0142amach prasy, w telewizji, w dyskusjach polityk\u00f3w? Problem tak \u0142atwy do rozwi\u0105zania, a jednak wci\u0105\u017c kontrowersyjny &#8211; dlaczego?<br \/>\nProsta prawda pozanaukowa, \u017ce \u017cycie ludzkie jest warto\u015bci\u0105, jest zrozumia\u0142a dla wszystkich. Dla chrze\u015bcijan potwierdzona pi\u0105tym przykazaniem Bo\u017cym &#8220;nie zabijaj&#8221;. Wszyscy rozumiej\u0105, \u017ce zabicie cz\u0142owieka jest zbrodni\u0105, a jednak ludzko\u015b\u0107 od zawsze t\u0119 zbrodni\u0119 pope\u0142nia.<\/strong><\/p>\n<p>Pierwsza odpowied\u017a na pytanie, dlaczego maj\u0105 miejsce zbrodnie aborcji, jest prosta: bo tacy s\u0105 ludzie &#8211; nie s\u0105 \u015bwi\u0119ci. I by\u0107 mo\u017ce takie stwierdzenie wystarczy\u0142oby &#8211; gdyby nie to, \u017ce zbrodni\u0119 aborcji ludzko\u015b\u0107 nie tylko usprawiedliwia, ale wr\u0119cz sankcjonuje poprzez prawo. Niemal na ca\u0142ym \u015bwiecie ma\u0142e dziecko przed urodzeniem pozbawione jest ochrony prawnej. Co wi\u0119cej, te ma\u0142e dzieci w majestacie prawa zabijaj\u0105 lekarze, kt\u00f3rzy z racji swego zawodu i powo\u0142ania s\u0105 zobowi\u0105zani to dziecko chroni\u0107 i leczy\u0107.<br \/>\nI znowu powstaje pytanie: dlaczego istniej\u0105 lekarze, kt\u00f3rzy s\u0105 gotowi zabija\u0107 ma\u0142e dzieci? Bo co do tego, \u017ce od zap\u0142odnienia istnieje ju\u017c nowy cz\u0142owiek, medycyna i genetyka nie maj\u0105 \u017cadnych w\u0105tpliwo\u015bci. Zreszt\u0105 w\u0142a\u015bciwie nigdy ich nie by\u0142o. Setki lat temu kobiety, kt\u00f3re w r\u00f3\u017cny spos\u00f3b usi\u0142owa\u0142y pozby\u0107 si\u0119 dziecka, zawsze wiedzia\u0142y i wiedz\u0105, \u017ce chodzi o dziecko, a nie o kom\u00f3rki czy embriony. Dawniej kobiety m\u00f3wi\u0142y mi\u0119dzy sob\u0105, \u017ce kt\u00f3ra\u015b &#8220;popsu\u0142a dziecko&#8221;.<br \/>\nTu tkwi problem &#8211; dlaczego ludzie nie chc\u0105 dzieci? Dlaczego kobiety odrzucaj\u0105 macierzy\u0144stwo? I jeszcze oczywiste pytanie: je\u017celi nie chc\u0105 mie\u0107 dzieci, to dlaczego te niechciane dzieci w og\u00f3le s\u0105?<br \/>\nUlegaj\u0105c presji ludzi, kt\u00f3rzy za wszelk\u0105 cen\u0119 chc\u0105 si\u0119 ubezp\u0142odni\u0107, medycyna mno\u017cy \u015brodki antykoncepcyjno-abortywne. P\u0142ac\u0105 za te \u015brodki, p\u0142ac\u0105 za zabicie w\u0142asnego dziecka.<br \/>\nA przecie\u017c jest to tak proste! Zdrowy rozum dyktuje rozwi\u0105zanie &#8211; wystarczy dowiedzie\u0107 si\u0119, kiedy kobieta mo\u017ce zosta\u0107 matk\u0105. Zaledwie par\u0119 godzin w cyklu, gdy jest dojrza\u0142a ju\u017c \u017cyciodajna kom\u00f3rka. Dziwna kom\u00f3rka, kt\u00f3ra nie ma mocy d\u0142ugiego \u017cycia bez po\u0142\u0105czenia si\u0119 z kom\u00f3rk\u0105 ojcowsk\u0105 i nie zap\u0142odniona obumiera. Cud macierzy\u0144stwa zdarza si\u0119 wy\u0142\u0105cznie wtedy. Wystarczy zna\u0107 ten jeden wielki dzie\u0144, w kt\u00f3rym to mo\u017ce si\u0119 sta\u0107. Medycyna mno\u017cy testy diagnostyczne &#8211; kobieta mo\u017ce r\u00f3\u017cnymi sposobami rozpozna\u0107 ten czas. A jednak, nie chc\u0105c dziecka, staje si\u0119 matk\u0105 i to dziecko &#8220;niechciane&#8221; odrzuca.<br \/>\nEtyka permisywna, g\u0142osz\u0105ca, \u017ce do dzia\u0142ania ma\u0142\u017ce\u0144skiego maj\u0105 prawo wszyscy, kt\u00f3rzy maj\u0105 na to ochot\u0119, powoduje, \u017ce wsp\u00f3\u0142\u017cycie ma\u0142\u017ce\u0144skie zaczynaj\u0105 nastolatki nie maj\u0105ce poj\u0119cia o macierzy\u0144stwie.<br \/>\nNie wystarcz\u0105 lekcje informacyjne o fizjologii kobiety. Trzeba przyj\u0105\u0107 w\u0142a\u015bciw\u0105 wizj\u0119 ludzkiej p\u0142ciowo\u015bci. Nie wolno z wielkiego aktu jednocz\u0105cego ludzi robi\u0107 czynno\u015bci relaksowej, poddanej wy\u0142\u0105cznie egoistycznym, niekontrolowanym reakcjom cia\u0142a. Cz\u0142owiek nie jest tylko cia\u0142em, cho\u0107 oczywi\u015bcie posiada je. Ale to ludzkie cia\u0142o jest tak\u017ce osob\u0105, obdarzon\u0105 wol\u0105 i rozumem.<br \/>\nCz\u0142owiek posiada nieograniczone mo\u017cliwo\u015bci rozwoju, kszta\u0142towania siebie samego, poznawania i realizowania warto\u015bci. Trzeba mu tylko pokaza\u0107 mo\u017cliwo\u015b\u0107 prze\u017cywania wzrusze\u0144 innego rz\u0119du ni\u017c prymitywne reakcje cia\u0142a, bo &#8220;nie samym chlebem cz\u0142owiek \u017cyje&#8221;. Cz\u0142owiek jest stworzony do mi\u0142o\u015bci i zdolny do mi\u0142o\u015bci &#8211; i ka\u017cdy cz\u0142owiek ma by\u0107 owocem ludzkiej mi\u0142o\u015bci. Para ludzi, kt\u00f3rzy nazywaj\u0105 mi\u0142o\u015bci\u0105 tylko cielesne zjednoczenie cia\u0142, oczywi\u015bcie d\u0105\u017cy tylko do tego i nie chce przyj\u0105\u0107 \u017cadnych ogranicze\u0144 &#8211; nie akceptuje prostej konieczno\u015bci wstrzemi\u0119\u017aliwo\u015bci w okresie p\u0142odno\u015bci (okres p\u0142odno\u015bci kilku dni w cyklu odnosi si\u0119 do pary ludzkiej, kobieta ma tylko jeden dzie\u0144 p\u0142odno\u015bci; dla pary okres ten jest d\u0142u\u017cszy z uwagi na \u017cywotno\u015b\u0107 plemnik\u00f3w).<br \/>\nProblem aborcji sprowadza si\u0119 w istocie do niew\u0142a\u015bciwej koncepcji mi\u0142o\u015bci. M\u0142odzi uwa\u017caj\u0105, \u017ce si\u0119 kochaj\u0105, gdy maj\u0105 ochot\u0119 by\u0107 razem ciele\u015bnie. Doro\u015bli ma\u0142\u017conkowie tak\u017ce uwa\u017caj\u0105, \u017ce akt cielesny jest jedynym znakiem mi\u0142o\u015bci i \u017c\u0105daj\u0105 nieograniczonych praw do tego znaku &#8211; nie znaj\u0105 innych znak\u00f3w mi\u0142o\u015bci. Mi\u0142o\u015b\u0107 oczywi\u015bcie domaga si\u0119 znak\u00f3w i cz\u0142owiek prawdziwie kochaj\u0105cy ma intuicj\u0119 i potrafi mno\u017cy\u0107 te znaki. Istniej\u0105 liczne znaki mi\u0142o\u015bci i jest jeden jedyny znak rodzicielski. Mi\u0142o\u015b\u0107 mo\u017cna okazywa\u0107 na tysi\u0105c sposob\u00f3w, a rodzicami mo\u017cna si\u0119 sta\u0107 tylko w jeden spos\u00f3b.<br \/>\nTrzeba odr\u00f3\u017cni\u0107 prawo do mi\u0142o\u015bci i prawo do rodzicielstwa. Nie ka\u017cdy i nie zawsze ma prawo do znaku rodzicielstwa. Nawet ma\u0142\u017conkowie wcale nie zawsze maj\u0105 prawo do tego znaku, zw\u0142aszcza je\u017celi potem to pocz\u0119te dziecko skazuj\u0105 na \u015bmier\u0107.<br \/>\nW wychowaniu m\u0142odzie\u017cy, ale nie tylko m\u0142odzie\u017cy, trzeba nauczy\u0107 te znaki odr\u00f3\u017cnia\u0107 i znajdowa\u0107 inny wyraz dla mi\u0142o\u015bci. Jan Pawe\u0142 II, m\u00f3wi\u0105c do m\u0142odzie\u017cy w Pary\u017cu o &#8220;pi\u0119knej mi\u0142o\u015bci&#8221; da\u0142 jakby recept\u0119 na to, jak ma wygl\u0105da\u0107 dojrza\u0142a ludzka mi\u0142o\u015b\u0107. Ma ona si\u0119 rozgrywa\u0107 na dwu biegunach &#8211; czu\u0142o\u015bci i podziwu. Czu\u0142o\u015b\u0107 jest bezinteresowna, jest przeciwie\u0144stwem po\u017c\u0105dania &#8211; obdarza, nie zagarnia, Ludzie kochaj\u0105cy si\u0119 mog\u0105 sobie \u015bwiadczy\u0107 czu\u0142o\u015b\u0107 i ich mi\u0142o\u015b\u0107 syci si\u0119 w\u0142a\u015bnie czu\u0142o\u015bci\u0105, a znak rodzicielstwa jest tylko wtedy znakiem mi\u0142o\u015bci, gdy nie krzywdzi. Gdy nie mog\u0119 lub nawet nie chc\u0119 mie\u0107 dziecka, musz\u0119 wyrzec si\u0119 znaku rodzicielstwa w okresie, kiedy dziecko mog\u0142oby si\u0119 pocz\u0105\u0107.<br \/>\nProste? &#8211; proste, a przecie\u017c ludzie nie rozumiej\u0105? nie kochaj\u0105 si\u0119 w spos\u00f3b prawdziwy, g\u0142\u0119boki, zdolny do wyrzecze\u0144. Dzia\u0142aj\u0105 nieodpowiedzialnie &#8211; nieoczekiwanie zjawia si\u0119 dziecko i kobieta, nie\u015bwiadoma tego, co j\u0105 czeka, godzi si\u0119 na zabicie dziecka w jej \u0142onie. Dziecko nie jest cia\u0142em kobiety, ale jest z matk\u0105 zwi\u0105zane krwi\u0105 i organizm matki, karmi\u0105c dziecko, ca\u0142y anga\u017cuje si\u0119 w t\u0119 dzia\u0142alno\u015b\u0107. Wszystko w matce s\u0142u\u017cy dziecku &#8211; uk\u0142ad hormonalny, krwiono\u015bny, ca\u0142a przemiana materii dzia\u0142a pod k\u0105tem dobra dziecka. Jak\u017ce wstrz\u0105saj\u0105ca jest relacja p. Leszczy\u0144skiej, po\u0142o\u017cnej z lagru w O\u015bwi\u0119cimiu, kt\u00f3ra zeznaje, \u017ce z zag\u0142odzonych kobiet rodzi\u0142y si\u0119 zdrowe, dobrze od\u017cywione noworodki &#8211; matki sob\u0105 karmi\u0142y te dzieci.<\/p>\n<p>Przerwanie tego ci\u0105gu reakcji jest szokiem dla matki &#8211; urazem, kt\u00f3rego skutki s\u0105 nieodwracalne. Zajmuj\u0119 si\u0119 tym problemem od pi\u0119\u0107dziesi\u0119ciu lat, dzi\u015b wszyscy lekarze przyjmuj\u0105 ju\u017c istnienie zespo\u0142u poaborcyjnego. Jest to obraz tak oczywisty, \u017ce teraz, po latach pracy w poradni nie pytam kobiety, czy przerwa\u0142a ci\u0105\u017c\u0119, ale kiedy to mia\u0142o miejsce &#8211; tak jednoznaczny jest obraz psychopatologiczny. Po chwili pierwszej ulgi, \u017ce ju\u017c nie ma dziecka, przychodzi okres refleksji, \u017calu, \u017ce nie ma dziecka, trudne do zniesienia poczucie winy, kt\u00f3re przekszta\u0142ca si\u0119 w poczucie krzywdy i wreszcie nast\u0119puj\u0105 zmiany charakterologiczne, g\u0142\u0119bokie, nieodwracalne zaburzenia. Zostaje w ka\u017cdej kobiecie pami\u0119\u0107 tego, co si\u0119 sta\u0142o, jak bolesny odcisk. Zmarnowane zdrowie psychiczne (a cz\u0119sto tak\u017ce fizyczne) i zabite dziecko\ufffdA tak \u0142atwo mo\u017cna tego unikn\u0105\u0107, przyjmuj\u0105c za zasad\u0119, \u017ce tylko wtedy wolno podj\u0105\u0107 dzia\u0142anie rodzicielskie, gdy nie grozi krzywda dziecka. W\u0142a\u015bnie powstrzymanie si\u0119 od tego dzia\u0142ania, mimo ch\u0119ci, jest znakiem mi\u0142o\u015bci i sprawiedliwo\u015bci wobec dziecka i kobiety. M\u0119\u017cczyzna nie ma prawa nara\u017ca\u0107 kobiety na macierzy\u0144stwo, kt\u00f3re ko\u0144czy si\u0119 zbrodni\u0105 zabicia dziecka.<br \/>\nPora, aby doro\u015bli ludzie podj\u0119li odpowiedzialno\u015b\u0107 za swoje dzia\u0142ania i przekazali m\u0142odzie\u017cy w\u0142a\u015bciw\u0105 postaw\u0119. Akt rodzicielski nie jest, nie ma by\u0107 traktowany jak zabawa, nosi w sobie wielk\u0105 odpowiedzialno\u015b\u0107 za \u017cycie ludzkie. A mi\u0142o\u015b\u0107 ludzka ma przynosi\u0107 szcz\u0119\u015bcie &#8211; i mo\u017ce to uczyni\u0107! Macierzy\u0144stwo jest dla kobiety pe\u0142ni\u0105 kobieco\u015bci, ma by\u0107 rado\u015bci\u0105, a nie kl\u0119sk\u0105 &#8211; i o to w\u0142a\u015bnie chodzi w &#8220;Wychowaniu do \u017cycia w rodzinie&#8221;.<\/p>\n<p><strong>dr med. Wanda P\u00f3\u0142tawska,<\/strong><br \/>\ncz\u0142onek Papieskiej Akademii &#8220;Pro Vita&#8221;<\/p>\n<p>\u017ar\u00f3d\u0142o:\u00a0<em>www.wychowawca.pl<\/em><\/p>\n<span class=\"vvqbox vvqyoutube\" style=\"width:425px;height:344px;\"><span id=\"vvq-151-youtube-3\"><a href=\"http:\/\/www.youtube.com\/watch?v=3Z-p3jTtWIQ\"><img src=\"http:\/\/img.youtube.com\/vi\/3Z-p3jTtWIQ\/0.jpg\" alt=\"YouTube Preview Image\" \/><\/a><\/span><\/span>\n<p><strong>In vitro przemilczane fakty&#8230;..<\/strong><\/p>\n<span class=\"vvqbox vvqyoutube\" style=\"width:425px;height:344px;\"><span id=\"vvq-151-youtube-4\"><a href=\"http:\/\/www.youtube.com\/watch?v=9RQiupakoUc\"><img src=\"http:\/\/img.youtube.com\/vi\/9RQiupakoUc\/0.jpg\" alt=\"YouTube Preview Image\" \/><\/a><\/span><\/span>\n<p><strong>Szansa na dziecko!\u00a0Przybli\u017cenie naprotechnologii jako etycznej i efektywnej alternatywy dla procedury \u201ein vitro\u201d.<\/strong><\/p>\n<span class=\"vvqbox vvqyoutube\" style=\"width:425px;height:344px;\"><span id=\"vvq-151-youtube-5\"><a href=\"http:\/\/www.youtube.com\/watch?v=me12FnAfvIU\"><img src=\"http:\/\/img.youtube.com\/vi\/me12FnAfvIU\/0.jpg\" alt=\"YouTube Preview Image\" \/><\/a><\/span><\/span>\n","protected":false},"excerpt":{"rendered":"<p>Narodziny dziecka Aborcja Ju\u017c tyle razy ten temat by\u0142 podejmowany na \u0142amach prasy, w telewizji, w dyskusjach polityk\u00f3w? Problem tak&hellip;<\/p>\n","protected":false},"author":1,"featured_media":0,"parent":0,"menu_order":0,"comment_status":"open","ping_status":"open","template":"","meta":[],"_links":{"self":[{"href":"http:\/\/www.odnowa.domchleba.com\/index.php?rest_route=\/wp\/v2\/pages\/151"}],"collection":[{"href":"http:\/\/www.odnowa.domchleba.com\/index.php?rest_route=\/wp\/v2\/pages"}],"about":[{"href":"http:\/\/www.odnowa.domchleba.com\/index.php?rest_route=\/wp\/v2\/types\/page"}],"author":[{"embeddable":true,"href":"http:\/\/www.odnowa.domchleba.com\/index.php?rest_route=\/wp\/v2\/users\/1"}],"replies":[{"embeddable":true,"href":"http:\/\/www.odnowa.domchleba.com\/index.php?rest_route=%2Fwp%2Fv2%2Fcomments&post=151"}],"version-history":[{"count":1,"href":"http:\/\/www.odnowa.domchleba.com\/index.php?rest_route=\/wp\/v2\/pages\/151\/revisions"}],"predecessor-version":[{"id":153,"href":"http:\/\/www.odnowa.domchleba.com\/index.php?rest_route=\/wp\/v2\/pages\/151\/revisions\/153"}],"wp:attachment":[{"href":"http:\/\/www.odnowa.domchleba.com\/index.php?rest_route=%2Fwp%2Fv2%2Fmedia&parent=151"}],"curies":[{"name":"wp","href":"https:\/\/api.w.org\/{rel}","templated":true}]}}