{"id":126,"date":"2013-11-24T18:47:11","date_gmt":"2013-11-24T17:47:11","guid":{"rendered":"http:\/\/www.odnowa.domchleba.com\/?page_id=126"},"modified":"2013-11-24T18:47:11","modified_gmt":"2013-11-24T17:47:11","slug":"modlitwa-wstawiennicza","status":"publish","type":"page","link":"http:\/\/www.odnowa.domchleba.com\/?page_id=126","title":{"rendered":"Modlitwa wstawiennicza"},"content":{"rendered":"<p><a href=\"http:\/\/www.odnowa.domchleba.com\/wp-content\/uploads\/2013\/11\/modlitwa-wstawinnicza.jpg\"><img decoding=\"async\" loading=\"lazy\" class=\"alignnone size-full wp-image-127\" alt=\"modlitwa wstawinnicza\" src=\"http:\/\/www.odnowa.domchleba.com\/wp-content\/uploads\/2013\/11\/modlitwa-wstawinnicza.jpg\" width=\"268\" height=\"188\" \/><\/a><\/p>\n<p>Modlitwa wstawiennicza jest po prostu zabieganiem w modlitwie o innych. Wiele postaci ze Starego Testamentu wstawia\u0142o si\u0119 za innych, np. Abraham, Moj\u017cesz, Dawid, Samuel, Eliasz, Jeremiasz, Ezechiel i Daniel. Chrystus w Nowym Testamencie wstawia si\u0119 za wszystkimi, dlatego ka\u017cda modlitwa chrze\u015bcija\u0144ska jest modlitw\u0105 wstawiennicz\u0105, w kt\u00f3rej zanosimy pro\u015bby do Boga poprzez Chrystusa. Jezus wype\u0142ni\u0142 przepa\u015b\u0107 pomi\u0119dzy nami a Bogiem, gdy umar\u0142 na krzy\u017cu. Przez po\u015brednictwo Jezusa, mo\u017cemy teraz zabiega\u0107 w modlitwie o innych wierz\u0105cych lub modli\u0107 si\u0119 o zgubionych, prosz\u0105c Boga o wype\u0142nienie tych pr\u00f3\u015bb zgodnie z jego wol\u0105. \u201eGdy\u017c jeden jest B\u00f3g, jeden te\u017c po\u015brednik mi\u0119dzy Bogiem a lud\u017ami, cz\u0142owiek Chrystus Jezus\u201d (1 Tymoteusza 2.5). \u201eKto ma pot\u0119pia\u0107? Jezus Chrystus, kt\u00f3ry umar\u0142- wi\u0119cej, kt\u00f3ry zmartwychwsta\u0142 i przebywa po prawicy Boga- On przecie\u017c wstawia si\u0119 za nami\u201d (Rzymian 8.34). Wspania\u0142y przyk\u0142ad modlitwy wstawienniczej znajdujemy w Ksi\u0119dze Daniela, rozdzia\u0142 9. Modlitwa ta zawiera wszystkie elementy prawdziwej modlitwy wstawienniczej. Jest odpowiedzi\u0105 na S\u0142owo (werset 2); charakteryzuje j\u0105 \u017carliwo\u015b\u0107 (werset 3) i zaparciem si\u0119 samego siebie (werset 4); wskazuje na identyfikowanie si\u0119 Daniela z reszt\u0105 ludu Bo\u017cego (werset 5); wyznaje grzechy (werset 5-15); podkre\u015bla swoj\u0105 zale\u017cno\u015b\u0107 od Boga (wersety 4, 7, 9, 15); i koncentruje si\u0119 na oddaniu Bogu chwa\u0142y (wersety 16-19). Podobnie jak Daniel, chrze\u015bcijanie r\u00f3wnie\u017c powinni przychodzi\u0107 przed oblicze Boga, aby w uni\u017ceniu serca i ze skruch\u0105 zabiega\u0107 w modlitwie o innych, dostrzegaj\u0105c swoje braki i zapieraj\u0105c si\u0119 siebie samych. Daniel nie m\u00f3wi: \u201eMam prawo domaga\u0107 si\u0119 tego od Ciebie Bo\u017ce, bo jestem jednym z Twoich wybranych.\u201d Powiedzia\u0142: \u201eJestem grzesznikiem\u201d przez co \u201eNie mam prawa domaga\u0107 si\u0119 czegokolwiek od Ciebie.\u201d Modlitwa wstawiennicza nie tylko pragnie pozna\u0107 wol\u0119 Boga i widzie\u0107 jak si\u0119 ona spe\u0142nia, lecz dostrzega\u0107 jak si\u0119 spe\u0142nia bez wzgl\u0119du na to czy przynosi nam jakie\u015b korzy\u015bci czy nie. Prawdziwa modlitwa wstawiennicza poszukuje Bo\u017cej chwa\u0142y, a nie naszej w\u0142asnej. Poni\u017cej znajduje si\u0119 skr\u00f3cona lista ludzi, za kt\u00f3rych powinni\u015bmy wstawia\u0107 si\u0119 w modlitwie: za rz\u0105dz\u0105cych (1 Tymoteusza 2.2); misjonarzy (Filipian 1.19); Ko\u015bci\u00f3\u0142 (Psalm 122.6); przyjaci\u00f3\u0142 (Ksi\u0119ga Joba 42.8); ludzi mieszkaj\u0105cych w miejscu naszego zamieszkania (Rzymian 10.1); chorych (Jakuba 5.14), wrog\u00f3w (Ksi\u0119ga Jeremiasza 29.7); tych, kt\u00f3rzy nas prze\u015bladuj\u0105 (Ew. Mateusza 5.44); tych, kt\u00f3rzy nas opu\u015bcili (2 Tymoteusza 4.16) i wszystkich ludzi (1 Tymoteusza 2.1). Funkcjonuje takie b\u0142\u0119dne my\u015blenie we wsp\u00f3\u0142czesnym chrze\u015bcija\u0144stwie, \u017ce ci kt\u00f3rzy zanosz\u0105 modlitwy wstawiennicze s\u0105 wybran\u0105 klas\u0105 \u201esuper chrze\u015bcijan\u201d, wybranych przez Boga do szczeg\u00f3lnej s\u0142u\u017cby wstawienniczej. Biblia jednak wyra\u017anie t\u0142umaczy, \u017ce wszyscy chrze\u015bcijanie s\u0105 powo\u0142ani do wstawiania si\u0119 za innych w modlitwie. Wszyscy chrze\u015bcijanie maj\u0105 Ducha \u015awi\u0119tego w swoim sercu, i tak jak On wstawia si\u0119 za nami w modlitwach zanoszonych do Boga (Rzymian 8.26-27), tak my powinni\u015bmy wstawia\u0107 si\u0119 za innymi. Nie jest to przywilej jakiej\u015b chrze\u015bcija\u0144skiej elity; jest to nakaz dla ka\u017cdego chrze\u015bcijanina. W rzeczywisto\u015bci, je\u015bli nie wstawiamy si\u0119 za innych w modlitwach, to pope\u0142niamy grzech, \u201eDaleki jestem od tego, aby zgrzeszy\u0107 przeciwko Panu przez zaniechanie modlitwy za wami\u201d (Ksi\u0119ga Samuela 12.23). Z pewno\u015bci\u0105 Piotr i Pawe\u0142 prosz\u0105c innych o modlitw\u0119 za siebie, nie ograniczali si\u0119 tylko do tych \u201epowo\u0142anych do wstawiennictwa.\u201d \u201eStrze\u017cono wi\u0119c Piotra w wi\u0119zieniu, ko\u015bci\u00f3\u0142 natomiast trwa\u0142 w usilnych modlitwach za nim do Boga\u201d (Dzieje Apostolskie 12.5). Zauwa\u017c, \u017ce ca\u0142y ko\u015bci\u00f3\u0142 zabiega\u0142 o niego w modlitwie, a nie tylko ci kt\u00f3rzy mieli dar wstawiennictwa. W Efezjan 6.18, Pawe\u0142 napomina\u0142 wierz\u0105cych w Efezie w podstawowych aspektach \u017cycia chrze\u015bcija\u0144skiego, co zwi\u0105zane by\u0142o ze wstawiennictwem \u201ew ka\u017cdej modlitwie i pro\u015bbie zano\u015bcie o ka\u017cdym czasie mod\u0142y&#8230;\u201d Zatem wyra\u017anie wida\u0107, \u017ce modlitwa wstawiennicza jest cz\u0119\u015bci\u0105 \u017cycia chrze\u015bcija\u0144skiego ka\u017cdego wierz\u0105cego. Poza tym Pawe\u0142 prosi\u0142 wszystkich wierz\u0105cych w Rzymie o modlitw\u0119 za niego (Rzymian 15.30). Zach\u0119ca\u0142 r\u00f3wnie\u017c Kolosan, aby wstawiali si\u0119 za nim w Kolosan 4.2-3. Nigdzie, w \u017cadnej z biblijnych pr\u00f3\u015bb o modlitw\u0119 wstawiennicz\u0105, nie pojawia si\u0119 wzmianka jakoby istnia\u0142a szczeg\u00f3lna grupa powo\u0142ana do wstawiennictwa. Przeciwnie, ci kt\u00f3rzy prosz\u0105 o wstawianie si\u0119 w modlitwie za nich, otrzymaj\u0105 tyle pomocy ile potrzebuj\u0105! Koncepcja jakiego\u015b szczeg\u00f3lnego namaszczenia wybranej grupy chrze\u015bcijan, uprzywilejowanych do zanoszenia modlitw wstawienniczych za innych, nie ma \u017cadnych biblijnych podstaw. Co gorsza, koncepcja ta jest szkodliwa, gdy\u017c cz\u0119sto wzbudza poczucie pychy i wy\u017cszo\u015bci wzgl\u0119dem innych. B\u00f3g powo\u0142uje ludzi do wstawiania si\u0119 za innymi. Zanoszenie modlitw wstawienniczych jest Bo\u017cym pragnieniem dla ka\u017cdego wierz\u0105cego. Jakim wspania\u0142ym i wyj\u0105tkowym przywilejem jest to, \u017ce mo\u017cemy z ka\u017cd\u0105 modlitw\u0105 i pro\u015bb\u0105 przychodzi\u0107 przed tron Wszechmocnego Boga!<\/p>\n<span class=\"vvqbox vvqyoutube\" style=\"width:425px;height:344px;\"><span id=\"vvq-126-youtube-1\"><a href=\"http:\/\/www.youtube.com\/watch?v=OJfIiKMeXic\"><img src=\"http:\/\/img.youtube.com\/vi\/OJfIiKMeXic\/0.jpg\" alt=\"YouTube Preview Image\" \/><\/a><\/span><\/span>\n","protected":false},"excerpt":{"rendered":"<p>Modlitwa wstawiennicza jest po prostu zabieganiem w modlitwie o innych. Wiele postaci ze Starego Testamentu wstawia\u0142o si\u0119 za innych, np.&hellip;<\/p>\n","protected":false},"author":1,"featured_media":0,"parent":0,"menu_order":0,"comment_status":"open","ping_status":"open","template":"","meta":[],"_links":{"self":[{"href":"http:\/\/www.odnowa.domchleba.com\/index.php?rest_route=\/wp\/v2\/pages\/126"}],"collection":[{"href":"http:\/\/www.odnowa.domchleba.com\/index.php?rest_route=\/wp\/v2\/pages"}],"about":[{"href":"http:\/\/www.odnowa.domchleba.com\/index.php?rest_route=\/wp\/v2\/types\/page"}],"author":[{"embeddable":true,"href":"http:\/\/www.odnowa.domchleba.com\/index.php?rest_route=\/wp\/v2\/users\/1"}],"replies":[{"embeddable":true,"href":"http:\/\/www.odnowa.domchleba.com\/index.php?rest_route=%2Fwp%2Fv2%2Fcomments&post=126"}],"version-history":[{"count":1,"href":"http:\/\/www.odnowa.domchleba.com\/index.php?rest_route=\/wp\/v2\/pages\/126\/revisions"}],"predecessor-version":[{"id":129,"href":"http:\/\/www.odnowa.domchleba.com\/index.php?rest_route=\/wp\/v2\/pages\/126\/revisions\/129"}],"wp:attachment":[{"href":"http:\/\/www.odnowa.domchleba.com\/index.php?rest_route=%2Fwp%2Fv2%2Fmedia&parent=126"}],"curies":[{"name":"wp","href":"https:\/\/api.w.org\/{rel}","templated":true}]}}